{"id":987510061,"date":"2025-11-18T14:37:08","date_gmt":"2025-11-18T14:37:08","guid":{"rendered":"https:\/\/dadadeeds.rockmedia.gr\/servicios\/educacion-para-adultos\/"},"modified":"2026-03-01T14:51:59","modified_gmt":"2026-03-01T14:51:59","slug":"educacion-para-adultos","status":"publish","type":"page","link":"https:\/\/datandeeds.com\/es\/servicios\/educacion-para-adultos\/","title":{"rendered":"Educaci\u00f3n para Adultos"},"content":{"rendered":"<p>[et_pb_section fb_built=\u00bb1&#8243; _builder_version=\u00bb4.27.4&#8243; _module_preset=\u00bbdefault\u00bb background_color=\u00bb#262626&#8243; use_background_color_gradient=\u00bbon\u00bb background_color_gradient_direction=\u00bb115deg\u00bb background_color_gradient_stops=\u00bbrgba(255,255,255,0) 73%|#dbb400 73%\u00bb box_shadow_style=\u00bbpreset1&#8243; box_shadow_vertical=\u00bb19px\u00bb box_shadow_blur=\u00bb34px\u00bb box_shadow_spread=\u00bb-11px\u00bb box_shadow_color=\u00bbrgba(0,0,0,0.06)\u00bb locked=\u00bboff\u00bb global_colors_info=\u00bb{}\u00bb][et_pb_row _builder_version=\u00bb4.27.4&#8243; _module_preset=\u00bbdefault\u00bb max_width=\u00bb1285px\u00bb custom_padding=\u00bb8%||||false|false\u00bb border_color_all=\u00bb#0C71C3&#8243; global_colors_info=\u00bb{}\u00bb][et_pb_column type=\u00bb4_4&#8243; _builder_version=\u00bb4.27.4&#8243; _module_preset=\u00bbdefault\u00bb global_colors_info=\u00bb{}\u00bb][et_pb_text _builder_version=\u00bb4.27.4&#8243; _module_preset=\u00bbdefault\u00bb text_font=\u00bbOpen Sans||||||||\u00bb text_text_color=\u00bb#DBB400&#8243; text_letter_spacing=\u00bb0.3px\u00bb locked=\u00bboff\u00bb global_colors_info=\u00bb{}\u00bb]<\/p>\n<p>DATA &amp; DEEDS SERVICIOS LEGALES<\/p>\n<p>[\/et_pb_text][et_pb_blurb use_icon=\u00bbon\u00bb font_icon=\u00bb&#xf19d;||fa||900&#8243; icon_color=\u00bb#262626&#8243; image_icon_background_color=\u00bb#DBB400&#8243; icon_placement=\u00bbleft\u00bb content_max_width=\u00bb100%\u00bb _builder_version=\u00bb4.27.4&#8243; _module_preset=\u00bbdefault\u00bb header_font=\u00bbOpen Sans|600|||||||\u00bb header_text_color=\u00bb#f7c500&#8243; header_font_size=\u00bb14px\u00bb header_letter_spacing=\u00bb1px\u00bb body_font=\u00bb|700|||||||\u00bb body_text_color=\u00bb#FFFFFF\u00bb body_font_size=\u00bb50px\u00bb body_line_height=\u00bb1.3em\u00bb image_icon_custom_padding=\u00bb15px|15px|15px|15px|false|false\u00bb body_font_size_tablet=\u00bb50px\u00bb body_font_size_phone=\u00bb40px\u00bb body_font_size_last_edited=\u00bbon|phone\u00bb custom_css_free_form=\u00bb.et_pb_blurb_position_left .et_pb_blurb_content {||  margin-left:0;||}\u00bb border_radii_image=\u00bbon|10px|10px|10px|10px\u00bb global_colors_info=\u00bb{}\u00bb]<\/p>\n<p><strong>Educaci\u00f3n para Adultos<\/strong><\/p>\n<p>[\/et_pb_blurb][et_pb_text _builder_version=\u00bb4.27.4&#8243; _module_preset=\u00bbdefault\u00bb text_font=\u00bbOpen Sans||||||||\u00bb text_text_color=\u00bb#FCF8E8&#8243; text_font_size=\u00bb18px\u00bb text_letter_spacing=\u00bb0.3px\u00bb custom_margin=\u00bb||||false|false\u00bb global_colors_info=\u00bb{}\u00bb]<\/p>\n<p>Empoderamiento a trav\u00e9s del Conocimiento<\/p>\n<p>[\/et_pb_text][\/et_pb_column][\/et_pb_row][\/et_pb_section][et_pb_section fb_built=\u00bb1&#8243; _builder_version=\u00bb4.27.4&#8243; _module_preset=\u00bbdefault\u00bb global_colors_info=\u00bb{}\u00bb][et_pb_row _builder_version=\u00bb4.27.4&#8243; _module_preset=\u00bbdefault\u00bb global_colors_info=\u00bb{}\u00bb][et_pb_column type=\u00bb4_4&#8243; _builder_version=\u00bb4.27.4&#8243; _module_preset=\u00bbdefault\u00bb global_colors_info=\u00bb{}\u00bb][et_pb_heading title=\u00bbAprendizaje Significativo\u00bb _builder_version=\u00bb4.27.4&#8243; _module_preset=\u00bbdefault\u00bb title_level=\u00bbh2&#8243; title_font=\u00bbOpen Sans|700|||||||\u00bb title_text_align=\u00bbleft\u00bb title_font_size=\u00bb28px\u00bb title_line_height=\u00bb1.5em\u00bb title_text_align_tablet=\u00bbcenter\u00bb title_text_align_phone=\u00bbcenter\u00bb title_text_align_last_edited=\u00bbon|phone\u00bb global_colors_info=\u00bb{}\u00bb][\/et_pb_heading][et_pb_text _builder_version=\u00bb4.27.4&#8243; _module_preset=\u00bbdefault\u00bb text_font=\u00bb||||||||\u00bb text_font_size=\u00bb17px\u00bb text_letter_spacing=\u00bb0.3px\u00bb text_line_height=\u00bb1.69em\u00bb global_colors_info=\u00bb{}\u00bb]<\/p>\n<p>La educaci\u00f3n para adultos no es solo transferir informaci\u00f3n, es una herramienta para el crecimiento. En un mundo que cambia r\u00e1pidamente, el aprendizaje continuo es una ventaja estrat\u00e9gica para profesionales y organizaciones. <br \/>Nuestra educaci\u00f3n es espec\u00edfica, pr\u00e1ctica y dise\u00f1ada para tener un impacto inmediato en la pr\u00e1ctica profesional.<\/p>\n<p>[\/et_pb_text][et_pb_text _builder_version=\u00bb4.27.4&#8243; _module_preset=\u00bbdefault\u00bb text_font=\u00bb||||||||\u00bb text_text_color=\u00bbrgba(38,38,38,0.86)\u00bb text_font_size=\u00bb17px\u00bb text_letter_spacing=\u00bb0.3px\u00bb text_line_height=\u00bb1.69em\u00bb global_colors_info=\u00bb{}\u00bb]<\/p>\n<p>Dise\u00f1amos e implementamos programas que combinan teor\u00eda, aplicaci\u00f3n pr\u00e1ctica y aprendizaje experiencial:<\/p>\n<p>[\/et_pb_text][\/et_pb_column][\/et_pb_row][et_pb_row custom_padding_last_edited=\u00bbon|phone\u00bb _builder_version=\u00bb4.27.4&#8243; _module_preset=\u00bbdefault\u00bb background_color=\u00bb#FFFFFF\u00bb width_tablet=\u00bb\u00bb width_phone=\u00bb90%\u00bb width_last_edited=\u00bbon|phone\u00bb custom_margin=\u00bb||7vh||false|false\u00bb custom_margin_tablet=\u00bb||7vh||false|false\u00bb custom_margin_phone=\u00bb||7vh||false|false\u00bb custom_margin_last_edited=\u00bbon|phone\u00bb custom_padding=\u00bb3%|1%||3%|false|false\u00bb custom_padding_tablet=\u00bb5vh|4%|||false|false\u00bb custom_padding_phone=\u00bb|4%|||false|false\u00bb border_radii=\u00bbon|10px|10px|10px|10px\u00bb border_width_left=\u00bb4px\u00bb border_color_left=\u00bb#DBB400&#8243; box_shadow_style=\u00bbpreset2&#8243; global_colors_info=\u00bb{}\u00bb][et_pb_column type=\u00bb4_4&#8243; _builder_version=\u00bb4.27.4&#8243; _module_preset=\u00bbdefault\u00bb global_colors_info=\u00bb{}\u00bb][et_pb_blurb title=\u00bbSeminarios de RGPD y Privacidad de Datos para ejecutivos y equipos\u00bb use_icon=\u00bbon\u00bb font_icon=\u00bb&#x52;||divi||400&#8243; icon_color=\u00bb#DBB400&#8243; icon_placement=\u00bbleft\u00bb image_icon_width=\u00bb22px\u00bb content_max_width=\u00bb100%\u00bb _builder_version=\u00bb4.27.4&#8243; _module_preset=\u00bbdefault\u00bb header_font=\u00bb&#8211;et_global_body_font||||||||\u00bb header_font_size=\u00bb17px\u00bb header_letter_spacing=\u00bb0.3px\u00bb header_line_height=\u00bb1.5em\u00bb image_icon_custom_margin=\u00bb||||false|false\u00bb image_icon_custom_padding=\u00bb||||false|false\u00bb custom_margin=\u00bb||2vh||false|false\u00bb custom_padding=\u00bb||||true|false\u00bb global_colors_info=\u00bb{}\u00bb][\/et_pb_blurb][et_pb_blurb title=\u00bbFormaci\u00f3n en \u00c9tica de la IA y Tecnolog\u00eda Responsable\u00bb use_icon=\u00bbon\u00bb font_icon=\u00bb&#x52;||divi||400&#8243; icon_color=\u00bb#DBB400&#8243; icon_placement=\u00bbleft\u00bb image_icon_width=\u00bb22px\u00bb content_max_width=\u00bb100%\u00bb _builder_version=\u00bb4.27.4&#8243; _module_preset=\u00bbdefault\u00bb header_font=\u00bb&#8211;et_global_body_font||||||||\u00bb header_font_size=\u00bb17px\u00bb header_letter_spacing=\u00bb0.3px\u00bb header_line_height=\u00bb1.5em\u00bb image_icon_custom_margin=\u00bb||||false|false\u00bb image_icon_custom_padding=\u00bb||||false|false\u00bb custom_margin=\u00bb||2vh||false|false\u00bb custom_padding=\u00bb||||true|false\u00bb global_colors_info=\u00bb{}\u00bb][\/et_pb_blurb][et_pb_blurb title=\u00bbTalleres de habilidades blandas con un marco legal\u00bb use_icon=\u00bbon\u00bb font_icon=\u00bb&#x52;||divi||400&#8243; icon_color=\u00bb#DBB400&#8243; icon_placement=\u00bbleft\u00bb image_icon_width=\u00bb22px\u00bb content_max_width=\u00bb100%\u00bb _builder_version=\u00bb4.27.4&#8243; _module_preset=\u00bbdefault\u00bb header_font=\u00bb&#8211;et_global_body_font||||||||\u00bb header_font_size=\u00bb17px\u00bb header_letter_spacing=\u00bb0.3px\u00bb header_line_height=\u00bb1.5em\u00bb image_icon_custom_margin=\u00bb||||false|false\u00bb image_icon_custom_padding=\u00bb||||false|false\u00bb custom_margin=\u00bb||2vh||false|false\u00bb custom_padding=\u00bb||||true|false\u00bb global_colors_info=\u00bb{}\u00bb][\/et_pb_blurb][\/et_pb_column][\/et_pb_row][\/et_pb_section][et_pb_section fb_built=\u00bb1&#8243; _builder_version=\u00bb4.27.4&#8243; _module_preset=\u00bbdefault\u00bb background_color=\u00bb#1f1f1f\u00bb locked=\u00bboff\u00bb global_colors_info=\u00bb{}\u00bb][et_pb_row _builder_version=\u00bb4.27.4&#8243; _module_preset=\u00bbdefault\u00bb global_colors_info=\u00bb{}\u00bb][et_pb_column type=\u00bb4_4&#8243; _builder_version=\u00bb4.27.4&#8243; _module_preset=\u00bbdefault\u00bb global_colors_info=\u00bb{}\u00bb][et_pb_text _builder_version=\u00bb4.27.4&#8243; _module_preset=\u00bbdefault\u00bb text_font=\u00bbOpen Sans|700|||||||\u00bb text_text_color=\u00bb#FFFFFF\u00bb text_font_size=\u00bb30px\u00bb text_line_height=\u00bb1.5em\u00bb text_orientation=\u00bbcenter\u00bb global_colors_info=\u00bb{}\u00bb]\u00bfListos para comenzar?[\/et_pb_text][et_pb_text _builder_version=\u00bb4.27.4&#8243; _module_preset=\u00bbdefault\u00bb text_font=\u00bb&#8211;et_global_heading_font||||||||\u00bb text_text_color=\u00bb#FCF8E8&#8243; text_font_size=\u00bb18px\u00bb text_letter_spacing=\u00bb0.3px\u00bb text_orientation=\u00bbcenter\u00bb global_colors_info=\u00bb{}\u00bb]<\/p>\n<p>Cont\u00e1ctenos hoy para discutir c\u00f3mo podemos ayudarlo con su educaci\u00f3n.<\/p>\n<p>[\/et_pb_text][dsm_button button_one_text=\u00bb+30 210 9533423&#8243; button_one_url_type=\u00bbphone\u00bb button_one_phone_number=\u00bb+302109533423&#8243; button_two_text=\u00bbinfo@datandeeds.com\u00bb button_two_url=\u00bbhttps:\/\/datandeeds.com\/contact\/\u00bb button_alignment=\u00bbcenter\u00bb _builder_version=\u00bb4.27.4&#8243; _module_preset=\u00bbdefault\u00bb custom_button_one=\u00bbon\u00bb button_one_text_size=\u00bb15px\u00bb button_one_bg_color=\u00bb#DBB400&#8243; button_one_border_radius=\u00bb5px\u00bb button_one_icon=\u00bb&#xe00b;||divi||400&#8243; button_one_icon_placement=\u00bbleft\u00bb button_one_on_hover=\u00bboff\u00bb button_one_custom_padding=\u00bb1%|3%|1%|4%|false|false\u00bb button_one_custom_padding_tablet=\u00bb1vh|3vw|1vh|4vw|false|false\u00bb button_one_custom_padding_phone=\u00bb|4vh||4vh|false|false\u00bb button_one_custom_padding_last_edited=\u00bbon|tablet\u00bb custom_button_two=\u00bbon\u00bb button_two_text_size=\u00bb15px\u00bb button_two_text_color=\u00bb#262626&#8243; button_two_bg_color=\u00bb#FCF8E8&#8243; button_two_border_radius=\u00bb5px\u00bb button_two_icon=\u00bb&#xe010;||divi||400&#8243; button_two_icon_placement=\u00bbleft\u00bb button_two_on_hover=\u00bboff\u00bb button_two_custom_padding=\u00bb1%|3%|1%|4%|false|false\u00bb button_two_custom_padding_tablet=\u00bb1vh|3vw|1vh|4vw|false|false\u00bb button_two_custom_padding_phone=\u00bb|4vh||4vh|false|false\u00bb button_two_custom_padding_last_edited=\u00bbon|tablet\u00bb global_colors_info=\u00bb{}\u00bb][\/dsm_button][\/et_pb_column][\/et_pb_row][\/et_pb_section][et_pb_section fb_built=\u00bb1&#8243; _builder_version=\u00bb4.27.4&#8243; _module_preset=\u00bbdefault\u00bb global_colors_info=\u00bb{}\u00bb][et_pb_row _builder_version=\u00bb4.27.4&#8243; _module_preset=\u00bbdefault\u00bb global_colors_info=\u00bb{}\u00bb][et_pb_column type=\u00bb4_4&#8243; _builder_version=\u00bb4.27.4&#8243; _module_preset=\u00bbdefault\u00bb global_colors_info=\u00bb{}\u00bb][et_pb_text _builder_version=\u00bb4.27.4&#8243; _module_preset=\u00bbdefault\u00bb text_font=\u00bbOpen Sans|700|||||||\u00bb text_text_color=\u00bb#262626&#8243; text_font_size=\u00bb25px\u00bb text_line_height=\u00bb1.5em\u00bb text_orientation=\u00bbcenter\u00bb global_colors_info=\u00bb{}\u00bb]<\/p>\n<p>Explore nuestros otros servicios<\/p>\n<p>[\/et_pb_text][\/et_pb_column][\/et_pb_row][et_pb_row column_structure=\u00bb1_2,1_2&#8243; _builder_version=\u00bb4.27.4&#8243; _module_preset=\u00bbdefault\u00bb global_colors_info=\u00bb{}\u00bb][et_pb_column type=\u00bb1_2&#8243; _builder_version=\u00bb4.27.4&#8243; _module_preset=\u00bbdefault\u00bb global_colors_info=\u00bb{}\u00bb][et_pb_blurb title=\u00bbCumplimiento en Protecci\u00f3n de Datos\u00bb url=\u00bb&lt;!&#8211;&#91;CDATA&#91;https:\/\/datandeeds.com\/services\/data-privacy-compliance\/&#93;&#93;&#8211;&gt;\u00bb _builder_version=\u00bb4.27.4&#8243; _module_preset=\u00bbdefault\u00bb header_font=\u00bbOpen Sans|600|||||||\u00bb header_font_size=\u00bb19px\u00bb custom_margin=\u00bb||8%||false|false\u00bb custom_padding=\u00bb5%|2%|5%|4%|true|false\u00bb link_option_url=\u00bb&lt;!&#8211;&#91;CDATA&#91;https:\/\/datandeeds.com\/services\/data-privacy-compliance\/&#93;&#93;&#8211;&gt;\u00bb border_radii=\u00bbon|10px|10px|10px|10px\u00bb border_width_all=\u00bb1px\u00bb border_color_all=\u00bbrgba(38,38,38,0.19)\u00bb global_colors_info=\u00bb{}\u00bb border_color_all__hover_enabled=\u00bbon|desktop\u00bb border_color_all__hover=\u00bb#DBB400&#8243; header_text_color__hover_enabled=\u00bbon|desktop\u00bb header_text_color__hover=\u00bb#DBB400&#8243;]<\/p>\n<p>En colaboraci\u00f3n con notarios, preparamos y ejecutamos acuerdos de compra, arrendamiento o transferencia<\/p>\n<p>[\/et_pb_blurb][et_pb_blurb title=\u00bbInversiones Inmobiliarias \u00bb url=\u00bbhttps:\/\/datandeeds.com\/es\/servicios\/inversiones-inmobiliarias\/\u00bb _builder_version=\u00bb4.27.4&#8243; _module_preset=\u00bbdefault\u00bb header_font=\u00bbOpen Sans|600|||||||\u00bb header_font_size=\u00bb19px\u00bb custom_margin=\u00bb||8%||false|false\u00bb custom_padding=\u00bb5%|2%|5%|4%|true|false\u00bb link_option_url=\u00bbhttps:\/\/datandeeds.com\/es\/servicios\/inversiones-inmobiliarias\/\u00bb border_radii=\u00bbon|10px|10px|10px|10px\u00bb border_width_all=\u00bb1px\u00bb border_color_all=\u00bbrgba(38,38,38,0.19)\u00bb global_colors_info=\u00bb{}\u00bb border_color_all__hover_enabled=\u00bbon|desktop\u00bb border_color_all__hover=\u00bb#DBB400&#8243; header_text_color__hover_enabled=\u00bbon|desktop\u00bb header_text_color__hover=\u00bb#DBB400&#8243;]<\/p>\n<p>Servicios integrales para la Compra de Inmuebles, Estrategia de Inversi\u00f3n y Golden Visa<\/p>\n<p>[\/et_pb_blurb][\/et_pb_column][et_pb_column type=\u00bb1_2&#8243; _builder_version=\u00bb4.27.4&#8243; _module_preset=\u00bbdefault\u00bb global_colors_info=\u00bb{}\u00bb][et_pb_blurb title=\u00bbInteligencia Artificial\u00bb url=\u00bbhttps:\/\/datandeeds.com\/es\/servicios\/inteligencia-artificial\/\u00bb _builder_version=\u00bb4.27.4&#8243; _module_preset=\u00bbdefault\u00bb header_font=\u00bbOpen Sans|600|||||||\u00bb header_font_size=\u00bb19px\u00bb custom_margin=\u00bb||8%||false|false\u00bb custom_padding=\u00bb5%|2%|5%|4%|true|false\u00bb link_option_url=\u00bbhttps:\/\/datandeeds.com\/es\/servicios\/inteligencia-artificial\/\u00bb border_radii=\u00bbon|10px|10px|10px|10px\u00bb border_width_all=\u00bb1px\u00bb border_color_all=\u00bbrgba(38,38,38,0.19)\u00bb global_colors_info=\u00bb{}\u00bb border_color_all__hover_enabled=\u00bbon|desktop\u00bb border_color_all__hover=\u00bb#DBB400&#8243; header_text_color__hover_enabled=\u00bbon|desktop\u00bb header_text_color__hover=\u00bb#DBB400&#8243;]<\/p>\n<p>Dise\u00f1amos y evaluamos soluciones tecnol\u00f3gicas con respeto al ser humano, la legislaci\u00f3n y la transparencia<\/p>\n<p>[\/et_pb_blurb][et_pb_blurb title=\u00bbConstituci\u00f3n de Empresas en Grecia\u00bb url=\u00bbhttps:\/\/datandeeds.com\/es\/servicios\/constitucion-de-empresas-en-grecia\/\u00bb _builder_version=\u00bb4.27.4&#8243; _module_preset=\u00bbdefault\u00bb header_font=\u00bbOpen Sans|600|||||||\u00bb header_font_size=\u00bb19px\u00bb custom_margin=\u00bb||8%||false|false\u00bb custom_padding=\u00bb5%|2%|5%|4%|true|false\u00bb link_option_url=\u00bbhttps:\/\/datandeeds.com\/es\/servicios\/constitucion-de-empresas-en-grecia\/\u00bb border_radii=\u00bbon|10px|10px|10px|10px\u00bb border_width_all=\u00bb1px\u00bb border_color_all=\u00bbrgba(38,38,38,0.19)\u00bb global_colors_info=\u00bb{}\u00bb border_color_all__hover_enabled=\u00bbon|desktop\u00bb border_color_all__hover=\u00bb#DBB400&#8243; header_text_color__hover_enabled=\u00bbon|desktop\u00bb header_text_color__hover=\u00bb#DBB400&#8243;]<\/p>\n<p>Ofrecemos servicios legales para emprendedores que ingresan al mercado griego con seguridad y eficacia<\/p>\n<p>[\/et_pb_blurb][\/et_pb_column][\/et_pb_row][\/et_pb_section]<\/p>\n","protected":false},"excerpt":{"rendered":"<p>DATA &amp; DEEDS SERVICIOS LEGALESEducaci\u00f3n para AdultosEmpoderamiento a trav\u00e9s del ConocimientoLa educaci\u00f3n para adultos no es solo transferir informaci\u00f3n, es una herramienta para el crecimiento. En un mundo que cambia r\u00e1pidamente, el aprendizaje continuo es una ventaja estrat\u00e9gica para profesionales y organizaciones. Nuestra educaci\u00f3n es espec\u00edfica, pr\u00e1ctica y dise\u00f1ada para tener un impacto inmediato en la pr\u00e1ctica profesional.Dise\u00f1amos e implementamos programas que combinan teor\u00eda, aplicaci\u00f3n pr\u00e1ctica y aprendizaje experiencial:\u00bfListos para comenzar?Cont\u00e1ctenos hoy para discutir c\u00f3mo podemos ayudarlo con su educaci\u00f3n.<div class=\"et_pb_module dsm_button dsm_button_0 et_pb_bg_layout_light\">\n\t\t\t\t\n\t\t\t\t\n\t\t\t\t\n\t\t\t\t\n\t\t\t\t\n\t\t\t\t\n\t\t\t\t<div class=\"et_pb_module_inner\">\n\t\t\t\t\t<div class=\"et_pb_button_module_wrappers dsm_button_0_wrapper et_pb_button_alignment_center et_pb_module\">\n\t\t\t\t<a class=\"et_pb_button et_pb_button_one et_pb_custom_button_icon et_pb_bg_layout_light dsm-none \"  href=tel:+302109533423 data-icon=\"&#xe00b;\" data-dsm-lightbox-id=\"dsm_button_one_lightbox dsm_button_0\"><span>+30 210 9533423<\/span><\/a><a class=\"et_pb_button et_pb_button_two et_pb_custom_button_icon et_pb_bg_layout_light dsm-none \"  href=https:\/\/datandeeds.com\/contact\/ data-icon=\"&#xe010;\" data-dsm-lightbox-id=\"dsm_button_two_lightbox dsm_button_0\"><span>info@datandeeds.com<\/span><\/a>\n\t\t\t<\/div>\n\t\t\t\t<\/div>\n\t\t\t<\/div>Explore nuestros otros serviciosEn colaboraci\u00f3n con notarios, preparamos y ejecutamos acuerdos de compra, arrendamiento o transferenciaServicios integrales para la Compra de Inmuebles, Estrategia de Inversi\u00f3n y Golden VisaDise\u00f1amos y evaluamos soluciones tecnol\u00f3gicas con respeto al ser humano, la legislaci\u00f3n y la transparenciaOfrecemos servicios legales para emprendedores que ingresan al mercado griego con seguridad y eficacia<\/p>\n","protected":false},"author":1,"featured_media":0,"parent":987510030,"menu_order":0,"comment_status":"closed","ping_status":"closed","template":"","meta":{"_et_pb_use_builder":"on","_et_pb_old_content":"","_et_gb_content_width":"","footnotes":""},"class_list":["post-987510061","page","type-page","status-publish","hentry"],"yoast_head":"<!-- This site is optimized with the Yoast SEO plugin v27.2 - https:\/\/yoast.com\/product\/yoast-seo-wordpress\/ -->\n<title>Educaci\u00f3n para Adultos - Data &amp; Deeds<\/title>\n<meta name=\"robots\" content=\"index, follow, max-snippet:-1, max-image-preview:large, max-video-preview:-1\" \/>\n<link rel=\"canonical\" href=\"https:\/\/datandeeds.com\/es\/servicios\/educacion-para-adultos\/\" \/>\n<meta property=\"og:locale\" content=\"es_ES\" \/>\n<meta property=\"og:type\" content=\"article\" \/>\n<meta property=\"og:title\" content=\"Educaci\u00f3n para Adultos - Data &amp; Deeds\" \/>\n<meta property=\"og:description\" content=\"DATA &amp; DEEDS SERVICIOS LEGALESEducaci\u00f3n para AdultosEmpoderamiento a trav\u00e9s del ConocimientoLa educaci\u00f3n para adultos no es solo transferir informaci\u00f3n, es una herramienta para el crecimiento. En un mundo que cambia r\u00e1pidamente, el aprendizaje continuo es una ventaja estrat\u00e9gica para profesionales y organizaciones. Nuestra educaci\u00f3n es espec\u00edfica, pr\u00e1ctica y dise\u00f1ada para tener un impacto inmediato en la pr\u00e1ctica profesional.Dise\u00f1amos e implementamos programas que combinan teor\u00eda, aplicaci\u00f3n pr\u00e1ctica y aprendizaje experiencial:\u00bfListos para comenzar?Cont\u00e1ctenos hoy para discutir c\u00f3mo podemos ayudarlo con su educaci\u00f3n.Explore nuestros otros serviciosEn colaboraci\u00f3n con notarios, preparamos y ejecutamos acuerdos de compra, arrendamiento o transferenciaServicios integrales para la Compra de Inmuebles, Estrategia de Inversi\u00f3n y Golden VisaDise\u00f1amos y evaluamos soluciones tecnol\u00f3gicas con respeto al ser humano, la legislaci\u00f3n y la transparenciaOfrecemos servicios legales para emprendedores que ingresan al mercado griego con seguridad y eficacia\" \/>\n<meta property=\"og:url\" content=\"https:\/\/datandeeds.com\/es\/servicios\/educacion-para-adultos\/\" \/>\n<meta property=\"og:site_name\" content=\"Data &amp; Deeds\" \/>\n<meta property=\"article:modified_time\" content=\"2026-03-01T14:51:59+00:00\" \/>\n<meta name=\"twitter:card\" content=\"summary_large_image\" \/>\n<meta name=\"twitter:label1\" content=\"Tiempo de lectura\" \/>\n\t<meta name=\"twitter:data1\" content=\"9 minutos\" \/>\n<script type=\"application\/ld+json\" class=\"yoast-schema-graph\">{\"@context\":\"https:\/\/schema.org\",\"@graph\":[{\"@type\":\"WebPage\",\"@id\":\"https:\/\/datandeeds.com\/es\/servicios\/educacion-para-adultos\/\",\"url\":\"https:\/\/datandeeds.com\/es\/servicios\/educacion-para-adultos\/\",\"name\":\"Educaci\u00f3n para Adultos - Data &amp; Deeds\",\"isPartOf\":{\"@id\":\"https:\/\/datandeeds.com\/es\/#website\"},\"datePublished\":\"2025-11-18T14:37:08+00:00\",\"dateModified\":\"2026-03-01T14:51:59+00:00\",\"breadcrumb\":{\"@id\":\"https:\/\/datandeeds.com\/es\/servicios\/educacion-para-adultos\/#breadcrumb\"},\"inLanguage\":\"es\",\"potentialAction\":[{\"@type\":\"ReadAction\",\"target\":[\"https:\/\/datandeeds.com\/es\/servicios\/educacion-para-adultos\/\"]}]},{\"@type\":\"BreadcrumbList\",\"@id\":\"https:\/\/datandeeds.com\/es\/servicios\/educacion-para-adultos\/#breadcrumb\",\"itemListElement\":[{\"@type\":\"ListItem\",\"position\":1,\"name\":\"Home\",\"item\":\"https:\/\/datandeeds.com\/es\/\"},{\"@type\":\"ListItem\",\"position\":2,\"name\":\"Servicios\",\"item\":\"https:\/\/datandeeds.com\/es\/servicios\/\"},{\"@type\":\"ListItem\",\"position\":3,\"name\":\"Educaci\u00f3n para Adultos\"}]},{\"@type\":\"WebSite\",\"@id\":\"https:\/\/datandeeds.com\/es\/#website\",\"url\":\"https:\/\/datandeeds.com\/es\/\",\"name\":\"Data &amp; Deeds\",\"description\":\"Legal Services\",\"potentialAction\":[{\"@type\":\"SearchAction\",\"target\":{\"@type\":\"EntryPoint\",\"urlTemplate\":\"https:\/\/datandeeds.com\/es\/?s={search_term_string}\"},\"query-input\":{\"@type\":\"PropertyValueSpecification\",\"valueRequired\":true,\"valueName\":\"search_term_string\"}}],\"inLanguage\":\"es\"}]}<\/script>\n<!-- \/ Yoast SEO plugin. -->","yoast_head_json":{"title":"Educaci\u00f3n para Adultos - Data &amp; Deeds","robots":{"index":"index","follow":"follow","max-snippet":"max-snippet:-1","max-image-preview":"max-image-preview:large","max-video-preview":"max-video-preview:-1"},"canonical":"https:\/\/datandeeds.com\/es\/servicios\/educacion-para-adultos\/","og_locale":"es_ES","og_type":"article","og_title":"Educaci\u00f3n para Adultos - Data &amp; Deeds","og_description":"DATA &amp; DEEDS SERVICIOS LEGALESEducaci\u00f3n para AdultosEmpoderamiento a trav\u00e9s del ConocimientoLa educaci\u00f3n para adultos no es solo transferir informaci\u00f3n, es una herramienta para el crecimiento. En un mundo que cambia r\u00e1pidamente, el aprendizaje continuo es una ventaja estrat\u00e9gica para profesionales y organizaciones. Nuestra educaci\u00f3n es espec\u00edfica, pr\u00e1ctica y dise\u00f1ada para tener un impacto inmediato en la pr\u00e1ctica profesional.Dise\u00f1amos e implementamos programas que combinan teor\u00eda, aplicaci\u00f3n pr\u00e1ctica y aprendizaje experiencial:\u00bfListos para comenzar?Cont\u00e1ctenos hoy para discutir c\u00f3mo podemos ayudarlo con su educaci\u00f3n.Explore nuestros otros serviciosEn colaboraci\u00f3n con notarios, preparamos y ejecutamos acuerdos de compra, arrendamiento o transferenciaServicios integrales para la Compra de Inmuebles, Estrategia de Inversi\u00f3n y Golden VisaDise\u00f1amos y evaluamos soluciones tecnol\u00f3gicas con respeto al ser humano, la legislaci\u00f3n y la transparenciaOfrecemos servicios legales para emprendedores que ingresan al mercado griego con seguridad y eficacia","og_url":"https:\/\/datandeeds.com\/es\/servicios\/educacion-para-adultos\/","og_site_name":"Data &amp; Deeds","article_modified_time":"2026-03-01T14:51:59+00:00","twitter_card":"summary_large_image","twitter_misc":{"Tiempo de lectura":"9 minutos"},"schema":{"@context":"https:\/\/schema.org","@graph":[{"@type":"WebPage","@id":"https:\/\/datandeeds.com\/es\/servicios\/educacion-para-adultos\/","url":"https:\/\/datandeeds.com\/es\/servicios\/educacion-para-adultos\/","name":"Educaci\u00f3n para Adultos - Data &amp; Deeds","isPartOf":{"@id":"https:\/\/datandeeds.com\/es\/#website"},"datePublished":"2025-11-18T14:37:08+00:00","dateModified":"2026-03-01T14:51:59+00:00","breadcrumb":{"@id":"https:\/\/datandeeds.com\/es\/servicios\/educacion-para-adultos\/#breadcrumb"},"inLanguage":"es","potentialAction":[{"@type":"ReadAction","target":["https:\/\/datandeeds.com\/es\/servicios\/educacion-para-adultos\/"]}]},{"@type":"BreadcrumbList","@id":"https:\/\/datandeeds.com\/es\/servicios\/educacion-para-adultos\/#breadcrumb","itemListElement":[{"@type":"ListItem","position":1,"name":"Home","item":"https:\/\/datandeeds.com\/es\/"},{"@type":"ListItem","position":2,"name":"Servicios","item":"https:\/\/datandeeds.com\/es\/servicios\/"},{"@type":"ListItem","position":3,"name":"Educaci\u00f3n para Adultos"}]},{"@type":"WebSite","@id":"https:\/\/datandeeds.com\/es\/#website","url":"https:\/\/datandeeds.com\/es\/","name":"Data &amp; Deeds","description":"Legal Services","potentialAction":[{"@type":"SearchAction","target":{"@type":"EntryPoint","urlTemplate":"https:\/\/datandeeds.com\/es\/?s={search_term_string}"},"query-input":{"@type":"PropertyValueSpecification","valueRequired":true,"valueName":"search_term_string"}}],"inLanguage":"es"}]}},"_links":{"self":[{"href":"https:\/\/datandeeds.com\/es\/wp-json\/wp\/v2\/pages\/987510061","targetHints":{"allow":["GET"]}}],"collection":[{"href":"https:\/\/datandeeds.com\/es\/wp-json\/wp\/v2\/pages"}],"about":[{"href":"https:\/\/datandeeds.com\/es\/wp-json\/wp\/v2\/types\/page"}],"author":[{"embeddable":true,"href":"https:\/\/datandeeds.com\/es\/wp-json\/wp\/v2\/users\/1"}],"replies":[{"embeddable":true,"href":"https:\/\/datandeeds.com\/es\/wp-json\/wp\/v2\/comments?post=987510061"}],"version-history":[{"count":0,"href":"https:\/\/datandeeds.com\/es\/wp-json\/wp\/v2\/pages\/987510061\/revisions"}],"up":[{"embeddable":true,"href":"https:\/\/datandeeds.com\/es\/wp-json\/wp\/v2\/pages\/987510030"}],"wp:attachment":[{"href":"https:\/\/datandeeds.com\/es\/wp-json\/wp\/v2\/media?parent=987510061"}],"curies":[{"name":"wp","href":"https:\/\/api.w.org\/{rel}","templated":true}]}}