{"id":987510100,"date":"2025-12-16T11:31:46","date_gmt":"2025-12-16T11:31:46","guid":{"rendered":"https:\/\/dadadeeds.rockmedia.gr\/preguntas-frecuentes-faq-gdpr-ai\/"},"modified":"2026-03-01T15:46:58","modified_gmt":"2026-03-01T15:46:58","slug":"preguntas-frecuentes-faq-gdpr-ai","status":"publish","type":"page","link":"https:\/\/datandeeds.com\/es\/preguntas-frecuentes-faq-gdpr-ai\/","title":{"rendered":"Preguntas Frecuentes (FAQ) \u2013 GDPR &amp; AI"},"content":{"rendered":"<p>[et_pb_section fb_built=\u00bb1&#8243; disabled_on=\u00bboff|off|off\u00bb _builder_version=\u00bb4.27.4&#8243; _module_preset=\u00bbdefault\u00bb background_color=\u00bb#DBB400&#8243; custom_margin=\u00bb||0px||false|false\u00bb custom_padding=\u00bb||0px||false|false\u00bb global_colors_info=\u00bb{}\u00bb locked=\u00bboff\u00bb theme_builder_area=\u00bbpost_content\u00bb][et_pb_row _builder_version=\u00bb4.27.4&#8243; _module_preset=\u00bbdefault\u00bb global_colors_info=\u00bb{}\u00bb theme_builder_area=\u00bbpost_content\u00bb][et_pb_column type=\u00bb4_4&#8243; _builder_version=\u00bb4.27.4&#8243; _module_preset=\u00bbdefault\u00bb global_colors_info=\u00bb{}\u00bb theme_builder_area=\u00bbpost_content\u00bb][et_pb_heading title=\u00bbPreguntas Frecuentes (FAQ) \u2013 GDPR &amp; AI\u00bb _builder_version=\u00bb4.27.4&#8243; _module_preset=\u00bbdefault\u00bb title_level=\u00bbh2&#8243; title_font=\u00bbOpen Sans|700|||||||\u00bb title_text_align=\u00bbcenter\u00bb title_font_size=\u00bb28px\u00bb title_line_height=\u00bb1.5em\u00bb custom_margin=\u00bb||0px||false|false\u00bb hover_enabled=\u00bb0&#8243; title_text_align_tablet=\u00bbcenter\u00bb title_text_align_phone=\u00bbcenter\u00bb title_text_align_last_edited=\u00bbon|phone\u00bb global_colors_info=\u00bb{}\u00bb theme_builder_area=\u00bbpost_content\u00bb sticky_enabled=\u00bb0&#8243;][\/et_pb_heading][et_pb_text _builder_version=\u00bb4.27.4&#8243; _module_preset=\u00bbdefault\u00bb text_orientation=\u00bbcenter\u00bb custom_margin=\u00bb||7vh||false|false\u00bb custom_padding=\u00bb||||false|false\u00bb locked=\u00bboff\u00bb global_colors_info=\u00bb{}\u00bb theme_builder_area=\u00bbpost_content\u00bb]<\/p>\n<p>Lea a continuaci\u00f3n nuestras respuestas a las preguntas m\u00e1s frecuentes<\/p>\n<p>[\/et_pb_text][\/et_pb_column][\/et_pb_row][\/et_pb_section][et_pb_section fb_built=\u00bb1&#8243; disabled_on=\u00bboff|off|off\u00bb _builder_version=\u00bb4.27.4&#8243; _module_preset=\u00bbdefault\u00bb global_colors_info=\u00bb{}\u00bb locked=\u00bboff\u00bb theme_builder_area=\u00bbpost_content\u00bb][et_pb_row _builder_version=\u00bb4.27.4&#8243; _module_preset=\u00bbdefault\u00bb width=\u00bb90%\u00bb max_width=\u00bb1000px\u00bb hover_enabled=\u00bb0&#8243; global_colors_info=\u00bb{}\u00bb theme_builder_area=\u00bbpost_content\u00bb sticky_enabled=\u00bb0&#8243;][et_pb_column type=\u00bb4_4&#8243; _builder_version=\u00bb4.27.4&#8243; _module_preset=\u00bbdefault\u00bb global_colors_info=\u00bb{}\u00bb theme_builder_area=\u00bbpost_content\u00bb][et_pb_accordion open_toggle_text_color=\u00bb#262626&#8243; open_toggle_background_color=\u00bb#FCF8E8&#8243; closed_toggle_background_color=\u00bb#FFFFFF\u00bb toggle_icon=\u00bb&#x4c;||divi||400&#8243; icon_color=\u00bb#262626&#8243; use_icon_font_size=\u00bbon\u00bb icon_font_size=\u00bb25px\u00bb _builder_version=\u00bb4.27.4&#8243; _module_preset=\u00bbdefault\u00bb toggle_text_color=\u00bb#262626&#8243; toggle_font=\u00bb|600|||||||\u00bb toggle_font_size=\u00bb18px\u00bb toggle_line_height=\u00bb1.4em\u00bb toggle_font_size_tablet=\u00bb18px\u00bb toggle_font_size_phone=\u00bb17px\u00bb toggle_font_size_last_edited=\u00bbon|phone\u00bb custom_css_toggle=\u00bbmargin-bottom:15px !important;\u00bb border_radii=\u00bbon|2px|2px|2px|2px\u00bb border_width_top=\u00bb0px\u00bb border_color_top=\u00bb#DBB400&#8243; global_colors_info=\u00bb{}\u00bb theme_builder_area=\u00bbpost_content\u00bb][et_pb_accordion_item open=\u00bboff\u00bb _builder_version=\u00bb4.27.4&#8243; _module_preset=\u00bbdefault\u00bb custom_css_main_element=\u00bbdisplay:none;\u00bb global_colors_info=\u00bb{}\u00bb theme_builder_area=\u00bbpost_content\u00bb][\/et_pb_accordion_item][et_pb_accordion_item title=\u00bb\u00bfQu\u00e9 es el GDPR y por qu\u00e9 es importante?\u00bb _builder_version=\u00bb4.27.4&#8243; _module_preset=\u00bbdefault\u00bb global_colors_info=\u00bb{}\u00bb open=\u00bbon\u00bb theme_builder_area=\u00bbpost_content\u00bb]El GDPR (Reglamento General de Protecci\u00f3n de Datos) es la legislaci\u00f3n europea que protege los datos personales de todos los ciudadanos de la UE. No es solo una obligaci\u00f3n legal, sino una forma de mostrar a tus clientes que respetas su privacidad y generas confianza.<br \/>Con cumplimiento adecuado, tu empresa evita multas y fortalece su reputaci\u00f3n.[\/et_pb_accordion_item][et_pb_accordion_item title=\u00bb\u00bfQu\u00e9 empresas deben cumplir con el GDPR?\u00bb _builder_version=\u00bb4.27.4&#8243; _module_preset=\u00bbdefault\u00bb global_colors_info=\u00bb{}\u00bb open=\u00bboff\u00bb theme_builder_area=\u00bbpost_content\u00bb]Todas las empresas que recopilan, almacenan o procesan datos de ciudadanos europeos: e-shops, cl\u00ednicas, contables, startups, apps e incluso sitios web peque\u00f1os con formularios de contacto. Te ayudamos a entender exactamente qu\u00e9 obligaciones te afectan sin complicaciones innecesarias.[\/et_pb_accordion_item][et_pb_accordion_item title=\u00bb\u00bfQu\u00e9 riesgos enfrenta una empresa si no cumple?\u00bb _builder_version=\u00bb4.27.4&#8243; _module_preset=\u00bbdefault\u00bb global_colors_info=\u00bb{}\u00bb open=\u00bboff\u00bb theme_builder_area=\u00bbpost_content\u00bb]Las multas pueden llegar hasta \u20ac20 millones o el 4% de la facturaci\u00f3n anual, lo que sea mayor. Adem\u00e1s del riesgo financiero, existe un da\u00f1o reputacional significativo. Con la orientaci\u00f3n correcta, GDPR se convierte en una oportunidad de crecimiento.[\/et_pb_accordion_item][et_pb_accordion_item title=\u00bb\u00bfMi peque\u00f1a empresa realmente necesita cumplimiento?\u00bb _builder_version=\u00bb4.27.4&#8243; _module_preset=\u00bbdefault\u00bb global_colors_info=\u00bb{}\u00bb open=\u00bboff\u00bb theme_builder_area=\u00bbpost_content\u00bb]S\u00ed. Incluso una peque\u00f1a empresa que recopila correos electr\u00f3nicos o n\u00fameros de tel\u00e9fono debe proteger esos datos. Ofrecemos soluciones pr\u00e1cticas para que las peque\u00f1as empresas cumplan sin costos excesivos.[\/et_pb_accordion_item][et_pb_accordion_item title=\u00bb\u00bfC\u00f3mo se relaciona la IA con GDPR?\u00bb _builder_version=\u00bb4.27.4&#8243; _module_preset=\u00bbdefault\u00bb global_colors_info=\u00bb{}\u00bb open=\u00bboff\u00bb theme_builder_area=\u00bbpost_content\u00bb]La Inteligencia Artificial utiliza grandes conjuntos de datos, a menudo datos personales. GDPR exige transparencia, seguridad y derechos para los ciudadanos (por ejemplo, derecho a solicitar la eliminaci\u00f3n de sus datos). Te guiamos para usar herramientas de IA de manera segura y conforme a la ley.[\/et_pb_accordion_item][et_pb_accordion_item title=\u00bb\u00bfEs legal usar IA que analiza datos de mis clientes?\u00bb _builder_version=\u00bb4.27.4&#8243; _module_preset=\u00bbdefault\u00bb global_colors_info=\u00bb{}\u00bb open=\u00bboff\u00bb theme_builder_area=\u00bbpost_content\u00bb]S\u00ed, siempre que respete GDPR: con consentimiento, minimizaci\u00f3n de datos e informaci\u00f3n adecuada al cliente.<br \/>Te mostramos c\u00f3mo aprovechar la tecnolog\u00eda sin riesgos legales.[\/et_pb_accordion_item][et_pb_accordion_item title=\u00bb\u00bfQu\u00e9 significa \u201cProtecci\u00f3n de Datos por Dise\u00f1o y por Defecto\u201d?\u00bb _builder_version=\u00bb4.27.4&#8243; _module_preset=\u00bbdefault\u00bb global_colors_info=\u00bb{}\u00bb open=\u00bboff\u00bb theme_builder_area=\u00bbpost_content\u00bb]Significa que desde el inicio (en el dise\u00f1o de sistemas\/aplicaciones) se integran mecanismos de protecci\u00f3n de datos y no se deja para el final. Ayudamos a aplicar esta l\u00f3gica de manera sencilla y efectiva.[\/et_pb_accordion_item][et_pb_accordion_item title=\u00bb\u00bfC\u00f3mo puedo comenzar con el cumplimiento?\u00bb _builder_version=\u00bb4.27.4&#8243; _module_preset=\u00bbdefault\u00bb global_colors_info=\u00bb{}\u00bb open=\u00bboff\u00bb theme_builder_area=\u00bbpost_content\u00bb]<\/p>\n<p>Tres pasos simples:<\/p>\n<ol>\n<li>Evaluaci\u00f3n del estado actual<\/li>\n<li>Plan de cumplimiento y pol\u00edticas<\/li>\n<li>Capacitaci\u00f3n del personal y soporte continuo<\/li>\n<\/ol>\n<p>As\u00ed, siempre sabes que est\u00e1s protegido.<\/p>\n<p>[\/et_pb_accordion_item][et_pb_accordion_item title=\u00bb\u00bfQu\u00e9 ventajas obtengo al trabajar con ustedes?\u00bb _builder_version=\u00bb4.27.4&#8243; _module_preset=\u00bbdefault\u00bb global_colors_info=\u00bb{}\u00bb open=\u00bboff\u00bb theme_builder_area=\u00bbpost_content\u00bb]\u2022 Evitar multas y problemas legales<br \/>\n\u2022 Fortalecer la confianza del cliente<br \/>\n\u2022 Uso seguro de IA e innovaciones<br \/>\n\u2022 Soluciones personalizadas para tu negocio<\/p>\n<p>No solo proporcionamos \u201ctextos legales\u201d: ofrecemos soluciones pr\u00e1cticas que permiten que su negocio crezca de forma segura.[\/et_pb_accordion_item][\/et_pb_accordion][\/et_pb_column][\/et_pb_row][\/et_pb_section]<\/p>\n","protected":false},"excerpt":{"rendered":"<p>Lea a continuaci\u00f3n nuestras respuestas a las preguntas m\u00e1s frecuentesEl GDPR (Reglamento General de Protecci\u00f3n de Datos) es la legislaci\u00f3n europea que protege los datos personales de todos los ciudadanos de la UE. No es solo una obligaci\u00f3n legal, sino una forma de mostrar a tus clientes que respetas su privacidad y generas confianza.Con cumplimiento adecuado, tu empresa evita multas y fortalece su reputaci\u00f3n.Todas las empresas que recopilan, almacenan o procesan datos de ciudadanos europeos: e-shops, cl\u00ednicas, contables, startups, apps e incluso sitios web peque\u00f1os con formularios de contacto. Te ayudamos a entender exactamente qu\u00e9 obligaciones te afectan sin complicaciones innecesarias.Las multas pueden llegar hasta \u20ac20 millones o el 4% de la facturaci\u00f3n anual, lo que sea mayor. Adem\u00e1s del riesgo financiero, existe un da\u00f1o reputacional significativo. Con la orientaci\u00f3n correcta, GDPR se convierte en una oportunidad de crecimiento.S\u00ed. Incluso una peque\u00f1a empresa que recopila correos electr\u00f3nicos o n\u00fameros de tel\u00e9fono debe proteger esos datos. Ofrecemos soluciones pr\u00e1cticas para que las peque\u00f1as empresas cumplan sin costos excesivos.La Inteligencia Artificial utiliza grandes conjuntos de datos, a menudo datos personales. GDPR exige transparencia, seguridad y derechos para los ciudadanos (por ejemplo, derecho a solicitar la eliminaci\u00f3n de sus datos). Te guiamos para [&hellip;]<\/p>\n","protected":false},"author":1,"featured_media":0,"parent":0,"menu_order":0,"comment_status":"closed","ping_status":"closed","template":"","meta":{"_et_pb_use_builder":"on","_et_pb_old_content":"","_et_gb_content_width":"","footnotes":""},"class_list":["post-987510100","page","type-page","status-publish","hentry"],"yoast_head":"<!-- This site is optimized with the Yoast SEO plugin v27.2 - https:\/\/yoast.com\/product\/yoast-seo-wordpress\/ -->\n<title>Preguntas Frecuentes (FAQ) \u2013 GDPR &amp; AI - Data &amp; Deeds<\/title>\n<meta name=\"robots\" content=\"index, follow, max-snippet:-1, max-image-preview:large, max-video-preview:-1\" \/>\n<link rel=\"canonical\" href=\"https:\/\/datandeeds.com\/es\/preguntas-frecuentes-faq-gdpr-ai\/\" \/>\n<meta property=\"og:locale\" content=\"es_ES\" \/>\n<meta property=\"og:type\" content=\"article\" \/>\n<meta property=\"og:title\" content=\"Preguntas Frecuentes (FAQ) \u2013 GDPR &amp; AI - Data &amp; Deeds\" \/>\n<meta property=\"og:description\" content=\"Lea a continuaci\u00f3n nuestras respuestas a las preguntas m\u00e1s frecuentesEl GDPR (Reglamento General de Protecci\u00f3n de Datos) es la legislaci\u00f3n europea que protege los datos personales de todos los ciudadanos de la UE. No es solo una obligaci\u00f3n legal, sino una forma de mostrar a tus clientes que respetas su privacidad y generas confianza.Con cumplimiento adecuado, tu empresa evita multas y fortalece su reputaci\u00f3n.Todas las empresas que recopilan, almacenan o procesan datos de ciudadanos europeos: e-shops, cl\u00ednicas, contables, startups, apps e incluso sitios web peque\u00f1os con formularios de contacto. Te ayudamos a entender exactamente qu\u00e9 obligaciones te afectan sin complicaciones innecesarias.Las multas pueden llegar hasta \u20ac20 millones o el 4% de la facturaci\u00f3n anual, lo que sea mayor. Adem\u00e1s del riesgo financiero, existe un da\u00f1o reputacional significativo. Con la orientaci\u00f3n correcta, GDPR se convierte en una oportunidad de crecimiento.S\u00ed. Incluso una peque\u00f1a empresa que recopila correos electr\u00f3nicos o n\u00fameros de tel\u00e9fono debe proteger esos datos. Ofrecemos soluciones pr\u00e1cticas para que las peque\u00f1as empresas cumplan sin costos excesivos.La Inteligencia Artificial utiliza grandes conjuntos de datos, a menudo datos personales. GDPR exige transparencia, seguridad y derechos para los ciudadanos (por ejemplo, derecho a solicitar la eliminaci\u00f3n de sus datos). Te guiamos para [&hellip;]\" \/>\n<meta property=\"og:url\" content=\"https:\/\/datandeeds.com\/es\/preguntas-frecuentes-faq-gdpr-ai\/\" \/>\n<meta property=\"og:site_name\" content=\"Data &amp; Deeds\" \/>\n<meta property=\"article:modified_time\" content=\"2026-03-01T15:46:58+00:00\" \/>\n<meta name=\"twitter:card\" content=\"summary_large_image\" \/>\n<meta name=\"twitter:label1\" content=\"Tiempo de lectura\" \/>\n\t<meta name=\"twitter:data1\" content=\"5 minutos\" \/>\n<script type=\"application\/ld+json\" class=\"yoast-schema-graph\">{\"@context\":\"https:\/\/schema.org\",\"@graph\":[{\"@type\":\"WebPage\",\"@id\":\"https:\/\/datandeeds.com\/es\/preguntas-frecuentes-faq-gdpr-ai\/\",\"url\":\"https:\/\/datandeeds.com\/es\/preguntas-frecuentes-faq-gdpr-ai\/\",\"name\":\"Preguntas Frecuentes (FAQ) \u2013 GDPR &amp; AI - Data &amp; Deeds\",\"isPartOf\":{\"@id\":\"https:\/\/datandeeds.com\/es\/#website\"},\"datePublished\":\"2025-12-16T11:31:46+00:00\",\"dateModified\":\"2026-03-01T15:46:58+00:00\",\"breadcrumb\":{\"@id\":\"https:\/\/datandeeds.com\/es\/preguntas-frecuentes-faq-gdpr-ai\/#breadcrumb\"},\"inLanguage\":\"es\",\"potentialAction\":[{\"@type\":\"ReadAction\",\"target\":[\"https:\/\/datandeeds.com\/es\/preguntas-frecuentes-faq-gdpr-ai\/\"]}]},{\"@type\":\"BreadcrumbList\",\"@id\":\"https:\/\/datandeeds.com\/es\/preguntas-frecuentes-faq-gdpr-ai\/#breadcrumb\",\"itemListElement\":[{\"@type\":\"ListItem\",\"position\":1,\"name\":\"Home\",\"item\":\"https:\/\/datandeeds.com\/es\/\"},{\"@type\":\"ListItem\",\"position\":2,\"name\":\"Preguntas Frecuentes (FAQ) \u2013 GDPR &amp; AI\"}]},{\"@type\":\"WebSite\",\"@id\":\"https:\/\/datandeeds.com\/es\/#website\",\"url\":\"https:\/\/datandeeds.com\/es\/\",\"name\":\"Data &amp; Deeds\",\"description\":\"Legal Services\",\"potentialAction\":[{\"@type\":\"SearchAction\",\"target\":{\"@type\":\"EntryPoint\",\"urlTemplate\":\"https:\/\/datandeeds.com\/es\/?s={search_term_string}\"},\"query-input\":{\"@type\":\"PropertyValueSpecification\",\"valueRequired\":true,\"valueName\":\"search_term_string\"}}],\"inLanguage\":\"es\"}]}<\/script>\n<!-- \/ Yoast SEO plugin. -->","yoast_head_json":{"title":"Preguntas Frecuentes (FAQ) \u2013 GDPR &amp; AI - Data &amp; Deeds","robots":{"index":"index","follow":"follow","max-snippet":"max-snippet:-1","max-image-preview":"max-image-preview:large","max-video-preview":"max-video-preview:-1"},"canonical":"https:\/\/datandeeds.com\/es\/preguntas-frecuentes-faq-gdpr-ai\/","og_locale":"es_ES","og_type":"article","og_title":"Preguntas Frecuentes (FAQ) \u2013 GDPR &amp; AI - Data &amp; Deeds","og_description":"Lea a continuaci\u00f3n nuestras respuestas a las preguntas m\u00e1s frecuentesEl GDPR (Reglamento General de Protecci\u00f3n de Datos) es la legislaci\u00f3n europea que protege los datos personales de todos los ciudadanos de la UE. No es solo una obligaci\u00f3n legal, sino una forma de mostrar a tus clientes que respetas su privacidad y generas confianza.Con cumplimiento adecuado, tu empresa evita multas y fortalece su reputaci\u00f3n.Todas las empresas que recopilan, almacenan o procesan datos de ciudadanos europeos: e-shops, cl\u00ednicas, contables, startups, apps e incluso sitios web peque\u00f1os con formularios de contacto. Te ayudamos a entender exactamente qu\u00e9 obligaciones te afectan sin complicaciones innecesarias.Las multas pueden llegar hasta \u20ac20 millones o el 4% de la facturaci\u00f3n anual, lo que sea mayor. Adem\u00e1s del riesgo financiero, existe un da\u00f1o reputacional significativo. Con la orientaci\u00f3n correcta, GDPR se convierte en una oportunidad de crecimiento.S\u00ed. Incluso una peque\u00f1a empresa que recopila correos electr\u00f3nicos o n\u00fameros de tel\u00e9fono debe proteger esos datos. Ofrecemos soluciones pr\u00e1cticas para que las peque\u00f1as empresas cumplan sin costos excesivos.La Inteligencia Artificial utiliza grandes conjuntos de datos, a menudo datos personales. GDPR exige transparencia, seguridad y derechos para los ciudadanos (por ejemplo, derecho a solicitar la eliminaci\u00f3n de sus datos). Te guiamos para [&hellip;]","og_url":"https:\/\/datandeeds.com\/es\/preguntas-frecuentes-faq-gdpr-ai\/","og_site_name":"Data &amp; Deeds","article_modified_time":"2026-03-01T15:46:58+00:00","twitter_card":"summary_large_image","twitter_misc":{"Tiempo de lectura":"5 minutos"},"schema":{"@context":"https:\/\/schema.org","@graph":[{"@type":"WebPage","@id":"https:\/\/datandeeds.com\/es\/preguntas-frecuentes-faq-gdpr-ai\/","url":"https:\/\/datandeeds.com\/es\/preguntas-frecuentes-faq-gdpr-ai\/","name":"Preguntas Frecuentes (FAQ) \u2013 GDPR &amp; AI - Data &amp; Deeds","isPartOf":{"@id":"https:\/\/datandeeds.com\/es\/#website"},"datePublished":"2025-12-16T11:31:46+00:00","dateModified":"2026-03-01T15:46:58+00:00","breadcrumb":{"@id":"https:\/\/datandeeds.com\/es\/preguntas-frecuentes-faq-gdpr-ai\/#breadcrumb"},"inLanguage":"es","potentialAction":[{"@type":"ReadAction","target":["https:\/\/datandeeds.com\/es\/preguntas-frecuentes-faq-gdpr-ai\/"]}]},{"@type":"BreadcrumbList","@id":"https:\/\/datandeeds.com\/es\/preguntas-frecuentes-faq-gdpr-ai\/#breadcrumb","itemListElement":[{"@type":"ListItem","position":1,"name":"Home","item":"https:\/\/datandeeds.com\/es\/"},{"@type":"ListItem","position":2,"name":"Preguntas Frecuentes (FAQ) \u2013 GDPR &amp; AI"}]},{"@type":"WebSite","@id":"https:\/\/datandeeds.com\/es\/#website","url":"https:\/\/datandeeds.com\/es\/","name":"Data &amp; Deeds","description":"Legal Services","potentialAction":[{"@type":"SearchAction","target":{"@type":"EntryPoint","urlTemplate":"https:\/\/datandeeds.com\/es\/?s={search_term_string}"},"query-input":{"@type":"PropertyValueSpecification","valueRequired":true,"valueName":"search_term_string"}}],"inLanguage":"es"}]}},"_links":{"self":[{"href":"https:\/\/datandeeds.com\/es\/wp-json\/wp\/v2\/pages\/987510100","targetHints":{"allow":["GET"]}}],"collection":[{"href":"https:\/\/datandeeds.com\/es\/wp-json\/wp\/v2\/pages"}],"about":[{"href":"https:\/\/datandeeds.com\/es\/wp-json\/wp\/v2\/types\/page"}],"author":[{"embeddable":true,"href":"https:\/\/datandeeds.com\/es\/wp-json\/wp\/v2\/users\/1"}],"replies":[{"embeddable":true,"href":"https:\/\/datandeeds.com\/es\/wp-json\/wp\/v2\/comments?post=987510100"}],"version-history":[{"count":0,"href":"https:\/\/datandeeds.com\/es\/wp-json\/wp\/v2\/pages\/987510100\/revisions"}],"wp:attachment":[{"href":"https:\/\/datandeeds.com\/es\/wp-json\/wp\/v2\/media?parent=987510100"}],"curies":[{"name":"wp","href":"https:\/\/api.w.org\/{rel}","templated":true}]}}