{"id":987510118,"date":"2025-12-16T11:40:03","date_gmt":"2025-12-16T11:40:03","guid":{"rendered":"https:\/\/dadadeeds.rockmedia.gr\/preguntas-frecuentes-sobre-la-creacion-de-empresas\/"},"modified":"2026-03-02T11:15:58","modified_gmt":"2026-03-02T11:15:58","slug":"preguntas-frecuentes-sobre-la-creacion-de-empresas","status":"publish","type":"page","link":"https:\/\/datandeeds.com\/es\/preguntas-frecuentes-sobre-la-creacion-de-empresas\/","title":{"rendered":"Preguntas frecuentes sobre la creaci\u00f3n de empresas"},"content":{"rendered":"<p>[et_pb_section fb_built=\u00bb1&#8243; disabled_on=\u00bboff|off|off\u00bb _builder_version=\u00bb4.27.4&#8243; _module_preset=\u00bbdefault\u00bb background_color=\u00bb#DBB400&#8243; custom_margin=\u00bb||0px||false|false\u00bb custom_padding=\u00bb||0px||false|false\u00bb locked=\u00bboff\u00bb global_colors_info=\u00bb{}\u00bb][et_pb_row _builder_version=\u00bb4.27.4&#8243; _module_preset=\u00bbdefault\u00bb global_colors_info=\u00bb{}\u00bb][et_pb_column type=\u00bb4_4&#8243; _builder_version=\u00bb4.27.4&#8243; _module_preset=\u00bbdefault\u00bb global_colors_info=\u00bb{}\u00bb][et_pb_heading title=\u00bb Preguntas frecuentes sobre la creaci\u00f3n de empresas\u00bb _builder_version=\u00bb4.27.4&#8243; _module_preset=\u00bbdefault\u00bb title_level=\u00bbh2&#8243; title_font=\u00bbOpen Sans|700|||||||\u00bb title_text_align=\u00bbcenter\u00bb title_font_size=\u00bb28px\u00bb title_line_height=\u00bb1.5em\u00bb custom_margin=\u00bb||0px||false|false\u00bb hover_enabled=\u00bb0&#8243; title_text_align_tablet=\u00bbcenter\u00bb title_text_align_phone=\u00bbcenter\u00bb title_text_align_last_edited=\u00bbon|phone\u00bb global_colors_info=\u00bb{}\u00bb sticky_enabled=\u00bb0&#8243;][\/et_pb_heading][et_pb_text _builder_version=\u00bb4.27.4&#8243; _module_preset=\u00bbdefault\u00bb text_orientation=\u00bbcenter\u00bb custom_margin=\u00bb||7vh||false|false\u00bb custom_padding=\u00bb||||false|false\u00bb locked=\u00bboff\u00bb global_colors_info=\u00bb{}\u00bb]<\/p>\n<p>Lea a continuaci\u00f3n nuestras respuestas a las preguntas m\u00e1s frecuentes<\/p>\n<p>[\/et_pb_text][\/et_pb_column][\/et_pb_row][\/et_pb_section][et_pb_section fb_built=\u00bb1&#8243; disabled_on=\u00bboff|off|off\u00bb _builder_version=\u00bb4.27.4&#8243; _module_preset=\u00bbdefault\u00bb locked=\u00bboff\u00bb global_colors_info=\u00bb{}\u00bb][et_pb_row _builder_version=\u00bb4.27.4&#8243; _module_preset=\u00bbdefault\u00bb width=\u00bb90%\u00bb max_width=\u00bb1000px\u00bb global_colors_info=\u00bb{}\u00bb][et_pb_column type=\u00bb4_4&#8243; _builder_version=\u00bb4.27.4&#8243; _module_preset=\u00bbdefault\u00bb global_colors_info=\u00bb{}\u00bb][et_pb_accordion open_toggle_text_color=\u00bb#262626&#8243; open_toggle_background_color=\u00bb#FCF8E8&#8243; closed_toggle_background_color=\u00bb#FFFFFF\u00bb toggle_icon=\u00bb&#x4c;||divi||400&#8243; icon_color=\u00bb#262626&#8243; use_icon_font_size=\u00bbon\u00bb icon_font_size=\u00bb25px\u00bb _builder_version=\u00bb4.27.4&#8243; _module_preset=\u00bbdefault\u00bb toggle_text_color=\u00bb#262626&#8243; toggle_font=\u00bb|600|||||||\u00bb toggle_font_size=\u00bb18px\u00bb toggle_line_height=\u00bb1.4em\u00bb toggle_font_size_tablet=\u00bb18px\u00bb toggle_font_size_phone=\u00bb17px\u00bb toggle_font_size_last_edited=\u00bbon|phone\u00bb custom_css_toggle=\u00bbmargin-bottom:15px !important;\u00bb border_radii=\u00bbon|2px|2px|2px|2px\u00bb border_width_top=\u00bb0px\u00bb border_color_top=\u00bb#DBB400&#8243; locked=\u00bboff\u00bb global_colors_info=\u00bb{}\u00bb][et_pb_accordion_item open=\u00bbon\u00bb _builder_version=\u00bb4.27.4&#8243; _module_preset=\u00bbdefault\u00bb custom_css_main_element=\u00bbdisplay:none;\u00bb global_colors_info=\u00bb{}\u00bb][\/et_pb_accordion_item][et_pb_accordion_item title=\u00bb\u00bfCu\u00e1les son los pasos para abrir una empresa en Grecia como extranjero?\u00bb _builder_version=\u00bb4.27.4&#8243; _module_preset=\u00bbdefault\u00bb global_colors_info=\u00bb{}\u00bb open=\u00bboff\u00bb]\u2022 Obtener AFM griego<br \/>\u2022 Elegir tipo de empresa (IKE, AE, EPE)<br \/>\u2022 Redactar y registrar estatutos<br \/>\u2022 Abrir cuenta bancaria<br \/>\nNos encargamos de todo para un inicio r\u00e1pido.[\/et_pb_accordion_item][et_pb_accordion_item title=\u00bb\u00bfQu\u00e9 tipo de empresa es mejor para inversores extranjeros?\u00bb _builder_version=\u00bb4.27.4&#8243; _module_preset=\u00bbdefault\u00bb global_colors_info=\u00bb{}\u00bb open=\u00bboff\u00bb]\u2022 IKE: bajo costo, flexible<br \/>\u2022 AE: ideal para grandes inversiones y colaboraciones internacionales<\/p>\n<p>Asesoramos sobre la estructura adecuada a tu estrategia.[\/et_pb_accordion_item][et_pb_accordion_item title=\u00bb\u00bfQu\u00e9 es el registro de marca en Grecia?\u00bb _builder_version=\u00bb4.27.4&#8243; _module_preset=\u00bbdefault\u00bb global_colors_info=\u00bb{}\u00bb open=\u00bboff\u00bb]Registrar una marca en OBI protege legalmente el nombre, logo o eslogan de tu empresa contra uso no autorizado por terceros.[\/et_pb_accordion_item][et_pb_accordion_item title=\u00bb\u00bfCu\u00e1les son los pasos para registrar una marca?\u00bb _builder_version=\u00bb4.27.4&#8243; _module_preset=\u00bbdefault\u00bb global_colors_info=\u00bb{}\u00bb open=\u00bboff\u00bb]\u2022 Comprobar disponibilidad de la marca<br \/>\u2022 Presentar solicitud en OBI<br \/>\u2022 Seguimiento de examen y publicaci\u00f3n<br \/>\u2022 Registro final y protecci\u00f3n legal[\/et_pb_accordion_item][\/et_pb_accordion][\/et_pb_column][\/et_pb_row][\/et_pb_section]<\/p>\n","protected":false},"excerpt":{"rendered":"<p>Lea a continuaci\u00f3n nuestras respuestas a las preguntas m\u00e1s frecuentes\u2022 Obtener AFM griego\u2022 Elegir tipo de empresa (IKE, AE, EPE)\u2022 Redactar y registrar estatutos\u2022 Abrir cuenta bancaria Nos encargamos de todo para un inicio r\u00e1pido.\u2022 IKE: bajo costo, flexible\u2022 AE: ideal para grandes inversiones y colaboraciones internacionales Asesoramos sobre la estructura adecuada a tu estrategia.Registrar una marca en OBI protege legalmente el nombre, logo o eslogan de tu empresa contra uso no autorizado por terceros.\u2022 Comprobar disponibilidad de la marca\u2022 Presentar solicitud en OBI\u2022 Seguimiento de examen y publicaci\u00f3n\u2022 Registro final y protecci\u00f3n legal<\/p>\n","protected":false},"author":1,"featured_media":0,"parent":0,"menu_order":0,"comment_status":"closed","ping_status":"closed","template":"","meta":{"_et_pb_use_builder":"on","_et_pb_old_content":"","_et_gb_content_width":"","footnotes":""},"class_list":["post-987510118","page","type-page","status-publish","hentry"],"yoast_head":"<!-- This site is optimized with the Yoast SEO plugin v27.2 - https:\/\/yoast.com\/product\/yoast-seo-wordpress\/ -->\n<title>Preguntas frecuentes sobre la creaci\u00f3n de empresas - Data &amp; Deeds<\/title>\n<meta name=\"robots\" content=\"index, follow, max-snippet:-1, max-image-preview:large, max-video-preview:-1\" \/>\n<link rel=\"canonical\" href=\"https:\/\/datandeeds.com\/es\/preguntas-frecuentes-sobre-la-creacion-de-empresas\/\" \/>\n<meta property=\"og:locale\" content=\"es_ES\" \/>\n<meta property=\"og:type\" content=\"article\" \/>\n<meta property=\"og:title\" content=\"Preguntas frecuentes sobre la creaci\u00f3n de empresas - Data &amp; Deeds\" \/>\n<meta property=\"og:description\" content=\"Lea a continuaci\u00f3n nuestras respuestas a las preguntas m\u00e1s frecuentes\u2022 Obtener AFM griego\u2022 Elegir tipo de empresa (IKE, AE, EPE)\u2022 Redactar y registrar estatutos\u2022 Abrir cuenta bancaria Nos encargamos de todo para un inicio r\u00e1pido.\u2022 IKE: bajo costo, flexible\u2022 AE: ideal para grandes inversiones y colaboraciones internacionales Asesoramos sobre la estructura adecuada a tu estrategia.Registrar una marca en OBI protege legalmente el nombre, logo o eslogan de tu empresa contra uso no autorizado por terceros.\u2022 Comprobar disponibilidad de la marca\u2022 Presentar solicitud en OBI\u2022 Seguimiento de examen y publicaci\u00f3n\u2022 Registro final y protecci\u00f3n legal\" \/>\n<meta property=\"og:url\" content=\"https:\/\/datandeeds.com\/es\/preguntas-frecuentes-sobre-la-creacion-de-empresas\/\" \/>\n<meta property=\"og:site_name\" content=\"Data &amp; Deeds\" \/>\n<meta property=\"article:modified_time\" content=\"2026-03-02T11:15:58+00:00\" \/>\n<meta name=\"twitter:card\" content=\"summary_large_image\" \/>\n<meta name=\"twitter:label1\" content=\"Tiempo de lectura\" \/>\n\t<meta name=\"twitter:data1\" content=\"3 minutos\" \/>\n<script type=\"application\/ld+json\" class=\"yoast-schema-graph\">{\"@context\":\"https:\/\/schema.org\",\"@graph\":[{\"@type\":\"WebPage\",\"@id\":\"https:\/\/datandeeds.com\/es\/preguntas-frecuentes-sobre-la-creacion-de-empresas\/\",\"url\":\"https:\/\/datandeeds.com\/es\/preguntas-frecuentes-sobre-la-creacion-de-empresas\/\",\"name\":\"Preguntas frecuentes sobre la creaci\u00f3n de empresas - Data &amp; Deeds\",\"isPartOf\":{\"@id\":\"https:\/\/datandeeds.com\/es\/#website\"},\"datePublished\":\"2025-12-16T11:40:03+00:00\",\"dateModified\":\"2026-03-02T11:15:58+00:00\",\"breadcrumb\":{\"@id\":\"https:\/\/datandeeds.com\/es\/preguntas-frecuentes-sobre-la-creacion-de-empresas\/#breadcrumb\"},\"inLanguage\":\"es\",\"potentialAction\":[{\"@type\":\"ReadAction\",\"target\":[\"https:\/\/datandeeds.com\/es\/preguntas-frecuentes-sobre-la-creacion-de-empresas\/\"]}]},{\"@type\":\"BreadcrumbList\",\"@id\":\"https:\/\/datandeeds.com\/es\/preguntas-frecuentes-sobre-la-creacion-de-empresas\/#breadcrumb\",\"itemListElement\":[{\"@type\":\"ListItem\",\"position\":1,\"name\":\"Home\",\"item\":\"https:\/\/datandeeds.com\/es\/\"},{\"@type\":\"ListItem\",\"position\":2,\"name\":\"Preguntas frecuentes sobre la creaci\u00f3n de empresas\"}]},{\"@type\":\"WebSite\",\"@id\":\"https:\/\/datandeeds.com\/es\/#website\",\"url\":\"https:\/\/datandeeds.com\/es\/\",\"name\":\"Data &amp; Deeds\",\"description\":\"Legal Services\",\"potentialAction\":[{\"@type\":\"SearchAction\",\"target\":{\"@type\":\"EntryPoint\",\"urlTemplate\":\"https:\/\/datandeeds.com\/es\/?s={search_term_string}\"},\"query-input\":{\"@type\":\"PropertyValueSpecification\",\"valueRequired\":true,\"valueName\":\"search_term_string\"}}],\"inLanguage\":\"es\"}]}<\/script>\n<!-- \/ Yoast SEO plugin. -->","yoast_head_json":{"title":"Preguntas frecuentes sobre la creaci\u00f3n de empresas - Data &amp; Deeds","robots":{"index":"index","follow":"follow","max-snippet":"max-snippet:-1","max-image-preview":"max-image-preview:large","max-video-preview":"max-video-preview:-1"},"canonical":"https:\/\/datandeeds.com\/es\/preguntas-frecuentes-sobre-la-creacion-de-empresas\/","og_locale":"es_ES","og_type":"article","og_title":"Preguntas frecuentes sobre la creaci\u00f3n de empresas - Data &amp; Deeds","og_description":"Lea a continuaci\u00f3n nuestras respuestas a las preguntas m\u00e1s frecuentes\u2022 Obtener AFM griego\u2022 Elegir tipo de empresa (IKE, AE, EPE)\u2022 Redactar y registrar estatutos\u2022 Abrir cuenta bancaria Nos encargamos de todo para un inicio r\u00e1pido.\u2022 IKE: bajo costo, flexible\u2022 AE: ideal para grandes inversiones y colaboraciones internacionales Asesoramos sobre la estructura adecuada a tu estrategia.Registrar una marca en OBI protege legalmente el nombre, logo o eslogan de tu empresa contra uso no autorizado por terceros.\u2022 Comprobar disponibilidad de la marca\u2022 Presentar solicitud en OBI\u2022 Seguimiento de examen y publicaci\u00f3n\u2022 Registro final y protecci\u00f3n legal","og_url":"https:\/\/datandeeds.com\/es\/preguntas-frecuentes-sobre-la-creacion-de-empresas\/","og_site_name":"Data &amp; Deeds","article_modified_time":"2026-03-02T11:15:58+00:00","twitter_card":"summary_large_image","twitter_misc":{"Tiempo de lectura":"3 minutos"},"schema":{"@context":"https:\/\/schema.org","@graph":[{"@type":"WebPage","@id":"https:\/\/datandeeds.com\/es\/preguntas-frecuentes-sobre-la-creacion-de-empresas\/","url":"https:\/\/datandeeds.com\/es\/preguntas-frecuentes-sobre-la-creacion-de-empresas\/","name":"Preguntas frecuentes sobre la creaci\u00f3n de empresas - Data &amp; Deeds","isPartOf":{"@id":"https:\/\/datandeeds.com\/es\/#website"},"datePublished":"2025-12-16T11:40:03+00:00","dateModified":"2026-03-02T11:15:58+00:00","breadcrumb":{"@id":"https:\/\/datandeeds.com\/es\/preguntas-frecuentes-sobre-la-creacion-de-empresas\/#breadcrumb"},"inLanguage":"es","potentialAction":[{"@type":"ReadAction","target":["https:\/\/datandeeds.com\/es\/preguntas-frecuentes-sobre-la-creacion-de-empresas\/"]}]},{"@type":"BreadcrumbList","@id":"https:\/\/datandeeds.com\/es\/preguntas-frecuentes-sobre-la-creacion-de-empresas\/#breadcrumb","itemListElement":[{"@type":"ListItem","position":1,"name":"Home","item":"https:\/\/datandeeds.com\/es\/"},{"@type":"ListItem","position":2,"name":"Preguntas frecuentes sobre la creaci\u00f3n de empresas"}]},{"@type":"WebSite","@id":"https:\/\/datandeeds.com\/es\/#website","url":"https:\/\/datandeeds.com\/es\/","name":"Data &amp; Deeds","description":"Legal Services","potentialAction":[{"@type":"SearchAction","target":{"@type":"EntryPoint","urlTemplate":"https:\/\/datandeeds.com\/es\/?s={search_term_string}"},"query-input":{"@type":"PropertyValueSpecification","valueRequired":true,"valueName":"search_term_string"}}],"inLanguage":"es"}]}},"_links":{"self":[{"href":"https:\/\/datandeeds.com\/es\/wp-json\/wp\/v2\/pages\/987510118","targetHints":{"allow":["GET"]}}],"collection":[{"href":"https:\/\/datandeeds.com\/es\/wp-json\/wp\/v2\/pages"}],"about":[{"href":"https:\/\/datandeeds.com\/es\/wp-json\/wp\/v2\/types\/page"}],"author":[{"embeddable":true,"href":"https:\/\/datandeeds.com\/es\/wp-json\/wp\/v2\/users\/1"}],"replies":[{"embeddable":true,"href":"https:\/\/datandeeds.com\/es\/wp-json\/wp\/v2\/comments?post=987510118"}],"version-history":[{"count":0,"href":"https:\/\/datandeeds.com\/es\/wp-json\/wp\/v2\/pages\/987510118\/revisions"}],"wp:attachment":[{"href":"https:\/\/datandeeds.com\/es\/wp-json\/wp\/v2\/media?parent=987510118"}],"curies":[{"name":"wp","href":"https:\/\/api.w.org\/{rel}","templated":true}]}}