{"id":987510142,"date":"2025-11-18T13:07:21","date_gmt":"2025-11-18T13:07:21","guid":{"rendered":"https:\/\/dadadeeds.rockmedia.gr\/contacto\/"},"modified":"2026-03-13T12:46:54","modified_gmt":"2026-03-13T12:46:54","slug":"contacto","status":"publish","type":"page","link":"https:\/\/datandeeds.com\/es\/contacto\/","title":{"rendered":"Contacto"},"content":{"rendered":"<p>[et_pb_section fb_built=\u00bb1&#8243; disabled_on=\u00bbon|on|off\u00bb _builder_version=\u00bb4.27.4&#8243; _module_preset=\u00bbdefault\u00bb background_color=\u00bb#DBB400&#8243; custom_margin=\u00bb||0px||false|false\u00bb custom_padding=\u00bb||0px||false|false\u00bb locked=\u00bboff\u00bb global_colors_info=\u00bb{}\u00bb][et_pb_row _builder_version=\u00bb4.27.4&#8243; _module_preset=\u00bbdefault\u00bb global_colors_info=\u00bb{}\u00bb][et_pb_column type=\u00bb4_4&#8243; _builder_version=\u00bb4.27.4&#8243; _module_preset=\u00bbdefault\u00bb global_colors_info=\u00bb{}\u00bb][et_pb_heading title=\u00bb\u00bfQuiere ponerse en contacto?\u00bb _builder_version=\u00bb4.27.4&#8243; _module_preset=\u00bbdefault\u00bb title_level=\u00bbh2&#8243; title_font=\u00bbOpen Sans|700|||||||\u00bb title_text_align=\u00bbcenter\u00bb title_font_size=\u00bb28px\u00bb title_line_height=\u00bb1.5em\u00bb custom_margin=\u00bb||0px||false|false\u00bb title_text_align_tablet=\u00bbcenter\u00bb title_text_align_phone=\u00bbcenter\u00bb title_text_align_last_edited=\u00bbon|phone\u00bb global_colors_info=\u00bb{}\u00bb][\/et_pb_heading][et_pb_text _builder_version=\u00bb4.27.4&#8243; _module_preset=\u00bbdefault\u00bb text_orientation=\u00bbcenter\u00bb custom_margin=\u00bb||7vh||false|false\u00bb custom_padding=\u00bb||||false|false\u00bb locked=\u00bboff\u00bb global_colors_info=\u00bb{}\u00bb]Ll\u00e1menos o env\u00edenos un mensaje.[\/et_pb_text][\/et_pb_column][\/et_pb_row][\/et_pb_section][et_pb_section fb_built=\u00bb1&#8243; _builder_version=\u00bb4.27.4&#8243; _module_preset=\u00bbdefault\u00bb background_color=\u00bb#FFFFFF\u00bb locked=\u00bboff\u00bb global_colors_info=\u00bb{}\u00bb][et_pb_row column_structure=\u00bb1_2,1_2&#8243; _builder_version=\u00bb4.27.4&#8243; _module_preset=\u00bbdefault\u00bb global_colors_info=\u00bb{}\u00bb][et_pb_column type=\u00bb1_2&#8243; _builder_version=\u00bb4.27.4&#8243; _module_preset=\u00bbdefault\u00bb global_colors_info=\u00bb{}\u00bb][et_pb_text _builder_version=\u00bb4.27.4&#8243; _module_preset=\u00bbdefault\u00bb text_font=\u00bbOpen Sans|700|||||||\u00bb text_text_color=\u00bb#262626&#8243; text_font_size=\u00bb30px\u00bb text_line_height=\u00bb1.5em\u00bb header_2_text_align=\u00bbleft\u00bb custom_margin=\u00bb||1vh||false|false\u00bb custom_padding=\u00bb||||false|false\u00bb global_colors_info=\u00bb{}\u00bb]<\/p>\n<p>Ponte en contacto con nosotros<\/p>\n<p>[\/et_pb_text][et_pb_text _builder_version=\u00bb4.27.6&#8243; _module_preset=\u00bbdefault\u00bb custom_margin=\u00bb||5vh||false|false\u00bb custom_padding=\u00bb||||false|false\u00bb hover_enabled=\u00bb0&#8243; global_colors_info=\u00bb{}\u00bb text_orientation=\u00bbjustified\u00bb sticky_enabled=\u00bb0&#8243;]<\/p>\n<p>\u00bfTiene preguntas o necesita orientaci\u00f3n? Nuestro equipo legal est\u00e1 siempre disponible para ayudarle con su experiencia y conocimientos. La informaci\u00f3n que proporciona en el formulario se utiliza \u00fanicamente para comunicarnos con usted y brindarle el apoyo que necesita. Para obtener m\u00e1s informaci\u00f3n sobre el tratamiento de sus datos personales y sus derechos, visite nuestra <span><a href=\"https:\/\/datandeeds.com\/es\/politica-de-privacidad\/\">p\u00e1gina de Pol\u00edtica de Privacidad<\/a>.<\/span>  <\/p>\n<p>[\/et_pb_text][et_pb_blurb use_icon=\u00bbon\u00bb font_icon=\u00bb&#xe090;||divi||400&#8243; icon_color=\u00bb#DBB400&#8243; icon_placement=\u00bbleft\u00bb image_icon_width=\u00bb18px\u00bb admin_label=\u00bbPhone\u00bb _builder_version=\u00bb4.27.5&#8243; _module_preset=\u00bbdefault\u00bb body_font=\u00bb||||||||\u00bb body_text_color=\u00bb#262626&#8243; body_link_font=\u00bb||||||||\u00bb body_link_text_color=\u00bb#262626&#8243; body_link_font_size=\u00bb16px\u00bb body_link_letter_spacing=\u00bb0.8px\u00bb image_icon_custom_padding=\u00bb3px||||false|false\u00bb custom_margin=\u00bb||1vh||false|false\u00bb animation=\u00bboff\u00bb icon_font_size=\u00bb24px\u00bb locked=\u00bboff\u00bb global_colors_info=\u00bb{}\u00bb]<a href=\"tel:+306943087651\">+30 6943 087651<\/a>[\/et_pb_blurb][et_pb_blurb use_icon=\u00bbon\u00bb font_icon=\u00bb&#xe076;||divi||400&#8243; icon_color=\u00bb#DBB400&#8243; icon_placement=\u00bbleft\u00bb image_icon_width=\u00bb18px\u00bb admin_label=\u00bbEmail\u00bb _builder_version=\u00bb4.27.4&#8243; _module_preset=\u00bbdefault\u00bb body_font=\u00bb||||||||\u00bb body_text_color=\u00bb#262626&#8243; body_link_font=\u00bb||||||||\u00bb body_link_text_color=\u00bb#262626&#8243; body_link_font_size=\u00bb16px\u00bb body_link_letter_spacing=\u00bb0.8px\u00bb image_icon_custom_padding=\u00bb3px||||false|false\u00bb custom_margin=\u00bb||1vh||false|false\u00bb animation=\u00bboff\u00bb icon_font_size=\u00bb24px\u00bb locked=\u00bboff\u00bb global_colors_info=\u00bb{}\u00bb]<a href=\"mailto:info@datandeeds.com\">info@datandeeds.com<\/a>[\/et_pb_blurb][et_pb_blurb use_icon=\u00bbon\u00bb font_icon=\u00bb&#xe081;||divi||400&#8243; icon_color=\u00bb#DBB400&#8243; icon_placement=\u00bbleft\u00bb image_icon_width=\u00bb18px\u00bb admin_label=\u00bbAddress\u00bb _builder_version=\u00bb4.27.4&#8243; _module_preset=\u00bbdefault\u00bb body_font=\u00bb||||||||\u00bb body_text_color=\u00bb#262626&#8243; body_link_font=\u00bb||||||||\u00bb body_link_text_color=\u00bb#262626&#8243; body_link_font_size=\u00bb16px\u00bb body_link_letter_spacing=\u00bb0.8px\u00bb image_icon_custom_padding=\u00bb3px||||false|false\u00bb animation=\u00bboff\u00bb icon_font_size=\u00bb24px\u00bb locked=\u00bboff\u00bb global_colors_info=\u00bb{}\u00bb]Dimosthenous 222, Kallithea 17673 <br \/>Atenas, Grecia[\/et_pb_blurb][\/et_pb_column][et_pb_column type=\u00bb1_2&#8243; _builder_version=\u00bb4.27.4&#8243; _module_preset=\u00bbdefault\u00bb global_colors_info=\u00bb{}\u00bb][et_pb_contact_form use_spam_service=\u00bbon\u00bb recaptcha_list=\u00bbData|Data-0&#8243; email=\u00bbinfo@datandeeds.com\u00bb title=\u00bbEnv\u00edenos un mensaje\u00bb custom_message=\u00bb%%Nombre%%||et_pb_line_break_holder||%%correo electr\u00f3nico%%||et_pb_line_break_holder||%%Sujeta%%||et_pb_line_break_holder||%%%%\u00bb success_message=\u00bbGracias. \u00a1Tu mensaje fue enviado!\u00bb submit_button_text=\u00bbEnviar mensaje\u00bb _builder_version=\u00bb4.27.6&#8243; _module_preset=\u00bbdefault\u00bb _unique_id=\u00bbbcbd7da9-ab07-427c-86ea-864972bfb8fd\u00bb title_level=\u00bbh2&#8243; title_font=\u00bb|600|||||||\u00bb title_font_size=\u00bb22px\u00bb title_line_height=\u00bb1.5em\u00bb custom_button=\u00bbon\u00bb button_text_size=\u00bb18px\u00bb button_text_color=\u00bb#262626&#8243; button_bg_color=\u00bb#DBB400&#8243; button_border_color=\u00bb#DBB400&#8243; button_custom_padding=\u00bb||||false|false\u00bb custom_padding=\u00bb2vh|2vh|2vh|2vh|true|true\u00bb custom_css_main_element=\u00bbposition:relative;||border:solid 1px #dddddd;||border-radius:5px;\u00bb custom_css_free_form=\u00bb.et_contact_bottom_container {||  width:100%;||}\u00bb custom_css_contact_button=\u00bbposition:relative;||width:100% !important;\u00bb custom_css_contact_fields=\u00bbbackground-color:transparent !important;\u00bb custom_css_text_field=\u00bbbackground-color:transparent !important;\u00bb border_radii=\u00bbon|5px|5px|5px|5px\u00bb border_width_all=\u00bb1px\u00bb border_color_all=\u00bb#dddddd\u00bb global_colors_info=\u00bb{}\u00bb][et_pb_contact_field field_id=\u00bbName\u00bb field_title=\u00bbNombre\u00bb fullwidth_field=\u00bbon\u00bb _builder_version=\u00bb4.27.6&#8243; global_colors_info=\u00bb{}\u00bb button_text_size__hover_enabled=\u00bboff\u00bb button_one_text_size__hover_enabled=\u00bboff\u00bb button_two_text_size__hover_enabled=\u00bboff\u00bb button_text_color__hover_enabled=\u00bboff\u00bb button_one_text_color__hover_enabled=\u00bboff\u00bb button_two_text_color__hover_enabled=\u00bboff\u00bb button_border_width__hover_enabled=\u00bboff\u00bb button_one_border_width__hover_enabled=\u00bboff\u00bb button_two_border_width__hover_enabled=\u00bboff\u00bb button_border_color__hover_enabled=\u00bboff\u00bb button_one_border_color__hover_enabled=\u00bboff\u00bb button_two_border_color__hover_enabled=\u00bboff\u00bb button_border_radius__hover_enabled=\u00bboff\u00bb button_one_border_radius__hover_enabled=\u00bboff\u00bb button_two_border_radius__hover_enabled=\u00bboff\u00bb button_letter_spacing__hover_enabled=\u00bboff\u00bb button_one_letter_spacing__hover_enabled=\u00bboff\u00bb button_two_letter_spacing__hover_enabled=\u00bboff\u00bb button_bg_color__hover_enabled=\u00bboff\u00bb button_one_bg_color__hover_enabled=\u00bboff\u00bb button_two_bg_color__hover_enabled=\u00bboff\u00bb][\/et_pb_contact_field][et_pb_contact_field field_id=\u00bbEmail\u00bb field_title=\u00bbDirecci\u00f3n de correo electr\u00f3nico\u00bb field_type=\u00bbemail\u00bb fullwidth_field=\u00bbon\u00bb _builder_version=\u00bb4.27.6&#8243; global_colors_info=\u00bb{}\u00bb button_text_size__hover_enabled=\u00bboff\u00bb button_one_text_size__hover_enabled=\u00bboff\u00bb button_two_text_size__hover_enabled=\u00bboff\u00bb button_text_color__hover_enabled=\u00bboff\u00bb button_one_text_color__hover_enabled=\u00bboff\u00bb button_two_text_color__hover_enabled=\u00bboff\u00bb button_border_width__hover_enabled=\u00bboff\u00bb button_one_border_width__hover_enabled=\u00bboff\u00bb button_two_border_width__hover_enabled=\u00bboff\u00bb button_border_color__hover_enabled=\u00bboff\u00bb button_one_border_color__hover_enabled=\u00bboff\u00bb button_two_border_color__hover_enabled=\u00bboff\u00bb button_border_radius__hover_enabled=\u00bboff\u00bb button_one_border_radius__hover_enabled=\u00bboff\u00bb button_two_border_radius__hover_enabled=\u00bboff\u00bb button_letter_spacing__hover_enabled=\u00bboff\u00bb button_one_letter_spacing__hover_enabled=\u00bboff\u00bb button_two_letter_spacing__hover_enabled=\u00bboff\u00bb button_bg_color__hover_enabled=\u00bboff\u00bb button_one_bg_color__hover_enabled=\u00bboff\u00bb button_two_bg_color__hover_enabled=\u00bboff\u00bb][\/et_pb_contact_field][et_pb_contact_field field_id=\u00bbsubject\u00bb field_title=\u00bbSujeta\u00bb fullwidth_field=\u00bbon\u00bb _builder_version=\u00bb4.27.6&#8243; _module_preset=\u00bbdefault\u00bb global_colors_info=\u00bb{}\u00bb][\/et_pb_contact_field][et_pb_contact_field field_id=\u00bbMessage\u00bb field_title=\u00bbMensaje\u00bb field_type=\u00bbtext\u00bb fullwidth_field=\u00bbon\u00bb _builder_version=\u00bb4.27.6&#8243; global_colors_info=\u00bb{}\u00bb button_text_size__hover_enabled=\u00bboff\u00bb button_one_text_size__hover_enabled=\u00bboff\u00bb button_two_text_size__hover_enabled=\u00bboff\u00bb button_text_color__hover_enabled=\u00bboff\u00bb button_one_text_color__hover_enabled=\u00bboff\u00bb button_two_text_color__hover_enabled=\u00bboff\u00bb button_border_width__hover_enabled=\u00bboff\u00bb button_one_border_width__hover_enabled=\u00bboff\u00bb button_two_border_width__hover_enabled=\u00bboff\u00bb button_border_color__hover_enabled=\u00bboff\u00bb button_one_border_color__hover_enabled=\u00bboff\u00bb button_two_border_color__hover_enabled=\u00bboff\u00bb button_border_radius__hover_enabled=\u00bboff\u00bb button_one_border_radius__hover_enabled=\u00bboff\u00bb button_two_border_radius__hover_enabled=\u00bboff\u00bb button_letter_spacing__hover_enabled=\u00bboff\u00bb button_one_letter_spacing__hover_enabled=\u00bboff\u00bb button_two_letter_spacing__hover_enabled=\u00bboff\u00bb button_bg_color__hover_enabled=\u00bboff\u00bb button_one_bg_color__hover_enabled=\u00bboff\u00bb button_two_bg_color__hover_enabled=\u00bboff\u00bb][\/et_pb_contact_field][\/et_pb_contact_form][\/et_pb_column][\/et_pb_row][\/et_pb_section]<\/p>\n","protected":false},"excerpt":{"rendered":"<p>Ll\u00e1menos o env\u00edenos un mensaje.Ponte en contacto con nosotros\u00bfTiene preguntas o necesita orientaci\u00f3n? Nuestro equipo legal est\u00e1 siempre disponible para ayudarle con su experiencia y conocimientos. La informaci\u00f3n que proporciona en el formulario se utiliza \u00fanicamente para comunicarnos con usted y brindarle el apoyo que necesita. Para obtener m\u00e1s informaci\u00f3n sobre el tratamiento de sus datos personales y sus derechos, visite nuestra p\u00e1gina de Pol\u00edtica de Privacidad. +30 6943 087651info@datandeeds.comDimosthenous 222, Kallithea 17673 Atenas, Grecia<\/p>\n","protected":false},"author":1,"featured_media":0,"parent":0,"menu_order":0,"comment_status":"closed","ping_status":"closed","template":"","meta":{"_et_pb_use_builder":"on","_et_pb_old_content":"","_et_gb_content_width":"","footnotes":""},"class_list":["post-987510142","page","type-page","status-publish","hentry"],"yoast_head":"<!-- This site is optimized with the Yoast SEO plugin v27.2 - https:\/\/yoast.com\/product\/yoast-seo-wordpress\/ -->\n<title>Contacto - Data &amp; Deeds<\/title>\n<meta name=\"robots\" content=\"index, follow, max-snippet:-1, max-image-preview:large, max-video-preview:-1\" \/>\n<link rel=\"canonical\" href=\"https:\/\/datandeeds.com\/es\/contacto\/\" \/>\n<meta property=\"og:locale\" content=\"es_ES\" \/>\n<meta property=\"og:type\" content=\"article\" \/>\n<meta property=\"og:title\" content=\"Contacto - Data &amp; Deeds\" \/>\n<meta property=\"og:description\" content=\"Ll\u00e1menos o env\u00edenos un mensaje.Ponte en contacto con nosotros\u00bfTiene preguntas o necesita orientaci\u00f3n? Nuestro equipo legal est\u00e1 siempre disponible para ayudarle con su experiencia y conocimientos. La informaci\u00f3n que proporciona en el formulario se utiliza \u00fanicamente para comunicarnos con usted y brindarle el apoyo que necesita. Para obtener m\u00e1s informaci\u00f3n sobre el tratamiento de sus datos personales y sus derechos, visite nuestra p\u00e1gina de Pol\u00edtica de Privacidad. +30 6943 087651info@datandeeds.comDimosthenous 222, Kallithea 17673 Atenas, Grecia\" \/>\n<meta property=\"og:url\" content=\"https:\/\/datandeeds.com\/es\/contacto\/\" \/>\n<meta property=\"og:site_name\" content=\"Data &amp; Deeds\" \/>\n<meta property=\"article:modified_time\" content=\"2026-03-13T12:46:54+00:00\" \/>\n<meta name=\"twitter:card\" content=\"summary_large_image\" \/>\n<meta name=\"twitter:label1\" content=\"Tiempo de lectura\" \/>\n\t<meta name=\"twitter:data1\" content=\"7 minutos\" \/>\n<script type=\"application\/ld+json\" class=\"yoast-schema-graph\">{\"@context\":\"https:\/\/schema.org\",\"@graph\":[{\"@type\":\"WebPage\",\"@id\":\"https:\/\/datandeeds.com\/es\/contacto\/\",\"url\":\"https:\/\/datandeeds.com\/es\/contacto\/\",\"name\":\"Contacto - Data &amp; Deeds\",\"isPartOf\":{\"@id\":\"https:\/\/datandeeds.com\/es\/#website\"},\"datePublished\":\"2025-11-18T13:07:21+00:00\",\"dateModified\":\"2026-03-13T12:46:54+00:00\",\"breadcrumb\":{\"@id\":\"https:\/\/datandeeds.com\/es\/contacto\/#breadcrumb\"},\"inLanguage\":\"es\",\"potentialAction\":[{\"@type\":\"ReadAction\",\"target\":[\"https:\/\/datandeeds.com\/es\/contacto\/\"]}]},{\"@type\":\"BreadcrumbList\",\"@id\":\"https:\/\/datandeeds.com\/es\/contacto\/#breadcrumb\",\"itemListElement\":[{\"@type\":\"ListItem\",\"position\":1,\"name\":\"Home\",\"item\":\"https:\/\/datandeeds.com\/es\/\"},{\"@type\":\"ListItem\",\"position\":2,\"name\":\"Contacto\"}]},{\"@type\":\"WebSite\",\"@id\":\"https:\/\/datandeeds.com\/es\/#website\",\"url\":\"https:\/\/datandeeds.com\/es\/\",\"name\":\"Data &amp; Deeds\",\"description\":\"Legal Services\",\"potentialAction\":[{\"@type\":\"SearchAction\",\"target\":{\"@type\":\"EntryPoint\",\"urlTemplate\":\"https:\/\/datandeeds.com\/es\/?s={search_term_string}\"},\"query-input\":{\"@type\":\"PropertyValueSpecification\",\"valueRequired\":true,\"valueName\":\"search_term_string\"}}],\"inLanguage\":\"es\"}]}<\/script>\n<!-- \/ Yoast SEO plugin. -->","yoast_head_json":{"title":"Contacto - Data &amp; Deeds","robots":{"index":"index","follow":"follow","max-snippet":"max-snippet:-1","max-image-preview":"max-image-preview:large","max-video-preview":"max-video-preview:-1"},"canonical":"https:\/\/datandeeds.com\/es\/contacto\/","og_locale":"es_ES","og_type":"article","og_title":"Contacto - Data &amp; Deeds","og_description":"Ll\u00e1menos o env\u00edenos un mensaje.Ponte en contacto con nosotros\u00bfTiene preguntas o necesita orientaci\u00f3n? Nuestro equipo legal est\u00e1 siempre disponible para ayudarle con su experiencia y conocimientos. La informaci\u00f3n que proporciona en el formulario se utiliza \u00fanicamente para comunicarnos con usted y brindarle el apoyo que necesita. Para obtener m\u00e1s informaci\u00f3n sobre el tratamiento de sus datos personales y sus derechos, visite nuestra p\u00e1gina de Pol\u00edtica de Privacidad. +30 6943 087651info@datandeeds.comDimosthenous 222, Kallithea 17673 Atenas, Grecia","og_url":"https:\/\/datandeeds.com\/es\/contacto\/","og_site_name":"Data &amp; Deeds","article_modified_time":"2026-03-13T12:46:54+00:00","twitter_card":"summary_large_image","twitter_misc":{"Tiempo de lectura":"7 minutos"},"schema":{"@context":"https:\/\/schema.org","@graph":[{"@type":"WebPage","@id":"https:\/\/datandeeds.com\/es\/contacto\/","url":"https:\/\/datandeeds.com\/es\/contacto\/","name":"Contacto - Data &amp; Deeds","isPartOf":{"@id":"https:\/\/datandeeds.com\/es\/#website"},"datePublished":"2025-11-18T13:07:21+00:00","dateModified":"2026-03-13T12:46:54+00:00","breadcrumb":{"@id":"https:\/\/datandeeds.com\/es\/contacto\/#breadcrumb"},"inLanguage":"es","potentialAction":[{"@type":"ReadAction","target":["https:\/\/datandeeds.com\/es\/contacto\/"]}]},{"@type":"BreadcrumbList","@id":"https:\/\/datandeeds.com\/es\/contacto\/#breadcrumb","itemListElement":[{"@type":"ListItem","position":1,"name":"Home","item":"https:\/\/datandeeds.com\/es\/"},{"@type":"ListItem","position":2,"name":"Contacto"}]},{"@type":"WebSite","@id":"https:\/\/datandeeds.com\/es\/#website","url":"https:\/\/datandeeds.com\/es\/","name":"Data &amp; Deeds","description":"Legal Services","potentialAction":[{"@type":"SearchAction","target":{"@type":"EntryPoint","urlTemplate":"https:\/\/datandeeds.com\/es\/?s={search_term_string}"},"query-input":{"@type":"PropertyValueSpecification","valueRequired":true,"valueName":"search_term_string"}}],"inLanguage":"es"}]}},"_links":{"self":[{"href":"https:\/\/datandeeds.com\/es\/wp-json\/wp\/v2\/pages\/987510142","targetHints":{"allow":["GET"]}}],"collection":[{"href":"https:\/\/datandeeds.com\/es\/wp-json\/wp\/v2\/pages"}],"about":[{"href":"https:\/\/datandeeds.com\/es\/wp-json\/wp\/v2\/types\/page"}],"author":[{"embeddable":true,"href":"https:\/\/datandeeds.com\/es\/wp-json\/wp\/v2\/users\/1"}],"replies":[{"embeddable":true,"href":"https:\/\/datandeeds.com\/es\/wp-json\/wp\/v2\/comments?post=987510142"}],"version-history":[{"count":0,"href":"https:\/\/datandeeds.com\/es\/wp-json\/wp\/v2\/pages\/987510142\/revisions"}],"wp:attachment":[{"href":"https:\/\/datandeeds.com\/es\/wp-json\/wp\/v2\/media?parent=987510142"}],"curies":[{"name":"wp","href":"https:\/\/api.w.org\/{rel}","templated":true}]}}