{"id":987510276,"date":"2026-01-07T11:07:00","date_gmt":"2026-01-07T11:07:00","guid":{"rendered":"https:\/\/datandeeds.com\/politica-de-cookies\/"},"modified":"2026-03-13T10:36:56","modified_gmt":"2026-03-13T10:36:56","slug":"politica-de-cookies","status":"publish","type":"page","link":"https:\/\/datandeeds.com\/es\/politica-de-cookies\/","title":{"rendered":"Pol\u00edtica de cookies"},"content":{"rendered":"<p>[et_pb_section fb_built=\u00bb1&#8243; disabled_on=\u00bbon|on|off\u00bb _builder_version=\u00bb4.27.4&#8243; _module_preset=\u00bbdefault\u00bb background_color=\u00bb#DBB400&#8243; custom_margin=\u00bb||0px||false|false\u00bb custom_padding=\u00bb||0px||false|false\u00bb locked=\u00bboff\u00bb global_colors_info=\u00bb{}\u00bb][et_pb_row _builder_version=\u00bb4.27.4&#8243; _module_preset=\u00bbdefault\u00bb global_colors_info=\u00bb{}\u00bb][et_pb_column type=\u00bb4_4&#8243; _builder_version=\u00bb4.27.4&#8243; _module_preset=\u00bbdefault\u00bb global_colors_info=\u00bb{}\u00bb][et_pb_heading title=\u00bbPol\u00edtica de cookies\u00bb _builder_version=\u00bb4.27.4&#8243; _module_preset=\u00bbdefault\u00bb title_level=\u00bbh2&#8243; title_font=\u00bbOpen Sans|700|||||||\u00bb title_text_align=\u00bbcenter\u00bb title_font_size=\u00bb28px\u00bb title_line_height=\u00bb1.5em\u00bb custom_margin=\u00bb||0px||false|false\u00bb title_text_align_tablet=\u00bbcenter\u00bb title_text_align_phone=\u00bbcenter\u00bb title_text_align_last_edited=\u00bbon|phone\u00bb global_colors_info=\u00bb{}\u00bb][\/et_pb_heading][et_pb_text _builder_version=\u00bb4.27.4&#8243; _module_preset=\u00bbdefault\u00bb text_orientation=\u00bbcenter\u00bb custom_margin=\u00bb||7vh||false|false\u00bb custom_padding=\u00bb||||false|false\u00bb locked=\u00bboff\u00bb global_colors_info=\u00bb{}\u00bb]Access all relevant information here[\/et_pb_text][\/et_pb_column][\/et_pb_row][\/et_pb_section][et_pb_section fb_built=\u00bb1&#8243; _builder_version=\u00bb4.27.4&#8243; _module_preset=\u00bbdefault\u00bb global_colors_info=\u00bb{}\u00bb][et_pb_row _builder_version=\u00bb4.27.4&#8243; _module_preset=\u00bbdefault\u00bb global_colors_info=\u00bb{}\u00bb][et_pb_column type=\u00bb4_4&#8243; _builder_version=\u00bb4.27.4&#8243; _module_preset=\u00bbdefault\u00bb global_colors_info=\u00bb{}\u00bb][et_pb_text _builder_version=\u00bb4.27.6&#8243; _module_preset=\u00bbdefault\u00bb text_orientation=\u00bbjustified\u00bb global_colors_info=\u00bb{}\u00bb]<\/p>\n<p><strong><\/strong><\/p>\n<p><strong>Pol\u00edtica de cookies<\/strong><\/p>\n<p>Esta Pol\u00edtica de cookies explica qu\u00e9 son las cookies y c\u00f3mo las utilizamos en nuestro sitio web <a href=\"http:\/\/www.datandeeds.com.\">www.datandeeds.com.<\/a> <\/p>\n<p>Le recomendamos que lea esta Pol\u00edtica para comprender los tipos de cookies que utilizamos, su funcionamiento, la informaci\u00f3n que recopilamos a trav\u00e9s de ellas y c\u00f3mo se utiliza.<\/p>\n<p><strong>\u00bfQu\u00e9 son las cookies?<\/strong><br \/>Las cookies son peque\u00f1os archivos de datos que un sitio web almacena en el dispositivo del usuario (por ejemplo, ordenador, tableta, tel\u00e9fono m\u00f3vil), normalmente a trav\u00e9s del navegador web (como Chrome, Opera, Mozilla Firefox, Edge, etc.). Cada vez que el usuario visita el sitio web, este recupera estos archivos y proporciona servicios relacionados con la informaci\u00f3n almacenada. Un ejemplo com\u00fan de esta informaci\u00f3n son las preferencias del usuario en un sitio web, indicadas por sus selecciones (por ejemplo, botones espec\u00edficos, b\u00fasquedas, anuncios).  <\/p>\n<p>Informaci\u00f3n sobre la gesti\u00f3n de cookies<br \/>Nuestro sitio web utiliza cookies estrictamente necesarias para garantizar su correcto y eficiente funcionamiento. No se requiere el consentimiento del usuario para el uso de cookies estrictamente necesarias. Puedes seguir navegando utilizando \u00fanicamente las cookies necesarias haciendo clic en el bot\u00f3n RECHAZAR del banner de cookies.  <br \/><strong><\/strong><\/p>\n<p><strong>Categor\u00edas de cookies<\/strong><\/p>\n<p><strong>Cookies necesarias<\/strong><br \/>Las cookies necesarias son esenciales para el correcto funcionamiento de nuestro sitio web y para que el usuario pueda navegar por \u00e9l. Estas cookies permiten las funcionalidades b\u00e1sicas del sitio web, como el acceso y la navegaci\u00f3n, y almacenan las preferencias del usuario respecto a las cookies opcionales. <br \/><strong><\/strong><\/p>\n<p><strong>Cookies funcionales\/de preferencias<\/strong><br \/>Las cookies funcionales o de preferencias permiten que el sitio web recuerde las elecciones y preferencias del usuario, proporcionando una experiencia de navegaci\u00f3n m\u00e1s personalizada y fluida. Estas cookies permiten que el sitio web conserve la configuraci\u00f3n, como el idioma, la regi\u00f3n u otras personalizaciones seleccionadas por el usuario, mejorando as\u00ed la funcionalidad y la usabilidad general. <br \/><strong><\/strong><\/p>\n<p><strong>C\u00f3mo controlar las cookies<\/strong><br \/>Puedes configurar tu navegador para que te avise sobre el uso de cookies o para bloquearlas por completo. Sin embargo, si decides bloquear las cookies, es posible que algunos servicios y funcionalidades no funcionen correctamente.<\/p>\n<p>Tambi\u00e9n puedes eliminar todas las cookies almacenadas en tu dispositivo borrando el historial de navegaci\u00f3n de tu navegador. Esto eliminar\u00e1 las cookies de todos los sitios web que hayas visitado con ese navegador. Ten en cuenta que esto tambi\u00e9n podr\u00eda borrar informaci\u00f3n almacenada, como tus datos de inicio de sesi\u00f3n o preferencias de sitio.   <\/p>\n<p>Tambi\u00e9n puedes eliminar todas las cookies almacenadas en tu dispositivo borrando el historial de navegaci\u00f3n de tu navegador. Esto eliminar\u00e1 las cookies de todos los sitios web que hayas visitado con ese navegador. Ten en cuenta que esto tambi\u00e9n podr\u00eda borrar informaci\u00f3n almacenada, como tus datos de inicio de sesi\u00f3n o preferencias de sitio.<\/p>\n<p>Para gestionar y desactivar las cookies, sigue las instrucciones correspondientes a cada navegador. Las siguientes p\u00e1ginas ofrecen informaci\u00f3n sobre la configuraci\u00f3n de cookies en los navegadores web m\u00e1s utilizados: <\/p>\n<p>\u2022 Configuraci\u00f3n de cookies en Firefox<br \/>\u2022 Configuraci\u00f3n de cookies en Chrome<br \/>\u2022 Configuraci\u00f3n de cookies en Safari<br \/>\u2022 Configuraci\u00f3n de cookies en Edge<\/p>\n<p>&nbsp;<\/p>\n<p>Las cookies que utilizamos en nuestro sitio web son las siguientes:<\/p>\n<p>[\/et_pb_text][\/et_pb_column][\/et_pb_row][et_pb_row disabled_on=\u00bboff|off|off\u00bb _builder_version=\u00bb4.27.4&#8243; _module_preset=\u00bbdefault\u00bb width_tablet=\u00bb\u00bb width_phone=\u00bb90%\u00bb width_last_edited=\u00bbon|phone\u00bb global_colors_info=\u00bb{}\u00bb width__hover_enabled=\u00bbon|desktop\u00bb][et_pb_column type=\u00bb4_4&#8243; _builder_version=\u00bb4.27.4&#8243; _module_preset=\u00bbdefault\u00bb global_colors_info=\u00bb{}\u00bb][et_pb_text _builder_version=\u00bb4.27.4&#8243; _module_preset=\u00bbdefault\u00bb custom_css_free_form=\u00bb.table-container {||  width: 100%;||  overflow-x: auto;||  -webkit-overflow-scrolling: touch; \/* Smooth scrolling on iOS *\/||  border-radius: 8px;||  box-shadow: 0 2px 4px rgba(0,0,0,0.1); \/* Optional: subtle elevation *\/||}||||@media (max-width: 768px) {||  .table-container table {||    min-width: 500px; \/* Ensures table doesn&#8217;t shrink too much *\/||  }||  ||  .table-container th,||  .table-container td {||    padding: 12px 8px; \/* Reduce padding on small screens *\/||    font-size: 14px; \/* Slightly smaller text *\/||    word-wrap: break-word; \/* Break long words *\/||    hyphens: auto; \/* Allow hyphenation where possible *\/||  }||}||\u00bb global_colors_info=\u00bb{}\u00bb]<\/p>\n<table>\n<thead class=\"bg-subtler\">\n<tr>\n<th class=\"border-subtler p-sm break-normal border-b border-r text-left align-top\">Nombre y detalles de la cookie<\/th>\n<\/tr>\n<\/thead>\n<tbody>\n<tr>\n<td class=\"px-sm border-subtler min-w-[48px] break-normal border-b border-r\"><strong>zc_cmp<\/strong><br \/>Dominio: maillist-manage.domain, campaign-view.domain, tell-your-friend.domain<br \/>Caducidad: 1 minuto<br \/>Tipo: Estrictamente necesaria<br \/>Prop\u00f3sito: Se utiliza para obtener el ID de la campa\u00f1a y otros detalles de una campa\u00f1a de correo electr\u00f3nico.<br \/>Generaci\u00f3n: Cuando un usuario visita una p\u00e1gina web con un formulario de registro a trav\u00e9s de una campa\u00f1a.<\/td>\n<\/tr>\n<tr>\n<td class=\"px-sm border-subtler min-w-[48px] break-normal border-b border-r\"><strong>perPageRecords<\/strong><br \/>Dominio: campaigns.zoho.domain<br \/>Caducidad: 30 d\u00edas<br \/>Tipo: Estrictamente necesaria<br \/>Prop\u00f3sito: Se utiliza para gestionar las cuentas y sesiones de los usuarios cuando estos consultan su lista de contactos.<br \/>Generaci\u00f3n: Cuando un usuario visita la vista de la lista de contactos.<\/td>\n<\/tr>\n<tr>\n<td class=\"px-sm border-subtler min-w-[48px] break-normal border-b border-r\"><strong>zc_dis<\/strong><br \/>Dominio: Dominio de origen (sitios web de los usuarios)<br \/>Caducidad: 12 meses<br \/>Tipo: Estrictamente necesaria<br \/>Prop\u00f3sito: Se utiliza para recordar cu\u00e1ndo mostrar un formulario emergente en una p\u00e1gina web.<br \/>Generaci\u00f3n: Cuando se muestra una ventana emergente en el sitio web del usuario final.<\/td>\n<\/tr>\n<tr>\n<td class=\"px-sm border-subtler min-w-[48px] break-normal border-b border-r\"><strong>Cookies alfanum\u00e9ricas de 10 caracteres (p. ej.: 467aef24c7)<\/strong><br \/>Dominio: maillist-manage.domain, campaign-view.domain, tell-your-friend.domain<br \/>Caducidad: Sesi\u00f3n<br \/>Tipo: Estrictamente necesaria<br \/>Prop\u00f3sito: Se utiliza para el equilibrio de carga y la persistencia de sesi\u00f3n.<br \/>Generaci\u00f3n: Al enviar una solicitud a las campa\u00f1as.<\/td>\n<\/tr>\n<tr>\n<td class=\"px-sm border-subtler min-w-[48px] break-normal border-b border-r\"><strong>csr \/ csr \/ csr, zmpncc, zfccn<\/strong><br \/>Dominio: maillist-manage.domain, campaign-view.domain, tell-your-friend.domain<br \/>Caducidad: Sesi\u00f3n<br \/>Tipo: Estrictamente necesaria<br \/>Prop\u00f3sito: Se utiliza para la seguridad del sitio web.<br \/>Generaci\u00f3n: Al enviar una solicitud a las campa\u00f1as.<\/td>\n<\/tr>\n<tr>\n<td class=\"px-sm border-subtler min-w-[48px] break-normal border-b border-r\"><strong>JSESSIONID<\/strong><br \/>Dominio: maillist-manage.domain, campaign-view.domain, tell-your-friend.domain<br \/>Caducidad: Sesi\u00f3n<br \/>Tipo: Estrictamente necesaria<br \/>Prop\u00f3sito: Se utiliza como identificador de token de sesi\u00f3n HTTP.<br \/>Generaci\u00f3n: Cuando se env\u00eda una solicitud a las campa\u00f1as.<\/td>\n<\/tr>\n<tr>\n<td class=\"px-sm border-subtler min-w-[48px] break-normal border-b border-r\"><strong>ZCAMPAIGN_CSRF_TOKEN<\/strong><br \/>Dominio: maillist-manage.domain, campaign-view.domain, tell-your-friend.domain<br \/>Caducidad: Sesi\u00f3n<br \/>Tipo: Estrictamente necesario<br \/>Prop\u00f3sito: Se utiliza para prevenir ataques de falsificaci\u00f3n de solicitudes entre sitios (CSRF).<br \/>Generaci\u00f3n: Cuando se env\u00eda una solicitud a las campa\u00f1as.<\/td>\n<\/tr>\n<tr>\n<td class=\"px-sm border-subtler min-w-[48px] break-normal border-b border-r\"><strong>CMP_VDATA<\/strong><br \/>Dominio: campaigns.zoho.domain<br \/>Caducidad: 15 d\u00edas<br \/>Tipo: Funcional<br \/>Prop\u00f3sito: Validaci\u00f3n y redirecci\u00f3n de la versi\u00f3n de la interfaz de usuario multiportal de campa\u00f1as.<br \/>Generaci\u00f3n: Cuando se env\u00eda una solicitud a Zoho Campaigns.<\/td>\n<\/tr>\n<tr>\n<td class=\"px-sm border-subtler min-w-[48px] break-normal border-b border-r\"><strong>zcmp_version<\/strong><br \/>Dominio: campaigns.zoho.domain<br \/>Caducidad: 15 d\u00edas<br \/>Tipo: Funcional<br \/>Prop\u00f3sito: Enrutamiento de grupos de aplicaciones de la interfaz de usuario de campa\u00f1as.<br \/>Generaci\u00f3n: Cuando se env\u00eda una solicitud a Zoho Campaigns.<\/td>\n<\/tr>\n<\/tbody>\n<\/table>\n<p>[\/et_pb_text][\/et_pb_column][\/et_pb_row][\/et_pb_section]<\/p>\n","protected":false},"excerpt":{"rendered":"<p>Access all relevant information here Pol\u00edtica de cookies Esta Pol\u00edtica de cookies explica qu\u00e9 son las cookies y c\u00f3mo las utilizamos en nuestro sitio web www.datandeeds.com. Le recomendamos que lea esta Pol\u00edtica para comprender los tipos de cookies que utilizamos, su funcionamiento, la informaci\u00f3n que recopilamos a trav\u00e9s de ellas y c\u00f3mo se utiliza. \u00bfQu\u00e9 son las cookies?Las cookies son peque\u00f1os archivos de datos que un sitio web almacena en el dispositivo del usuario (por ejemplo, ordenador, tableta, tel\u00e9fono m\u00f3vil), normalmente a trav\u00e9s del navegador web (como Chrome, Opera, Mozilla Firefox, Edge, etc.). Cada vez que el usuario visita el sitio web, este recupera estos archivos y proporciona servicios relacionados con la informaci\u00f3n almacenada. Un ejemplo com\u00fan de esta informaci\u00f3n son las preferencias del usuario en un sitio web, indicadas por sus selecciones (por ejemplo, botones espec\u00edficos, b\u00fasquedas, anuncios). Informaci\u00f3n sobre la gesti\u00f3n de cookiesNuestro sitio web utiliza cookies estrictamente necesarias para garantizar su correcto y eficiente funcionamiento. No se requiere el consentimiento del usuario para el uso de cookies estrictamente necesarias. Puedes seguir navegando utilizando \u00fanicamente las cookies necesarias haciendo clic en el bot\u00f3n RECHAZAR del banner de cookies. Categor\u00edas de cookies Cookies necesariasLas cookies necesarias son esenciales para [&hellip;]<\/p>\n","protected":false},"author":1,"featured_media":0,"parent":0,"menu_order":0,"comment_status":"closed","ping_status":"open","template":"","meta":{"_et_pb_use_builder":"on","_et_pb_old_content":"","_et_gb_content_width":"","footnotes":""},"class_list":["post-987510276","page","type-page","status-publish","hentry"],"yoast_head":"<!-- This site is optimized with the Yoast SEO plugin v27.2 - https:\/\/yoast.com\/product\/yoast-seo-wordpress\/ -->\n<title>Pol\u00edtica de cookies - Data &amp; Deeds<\/title>\n<meta name=\"robots\" content=\"index, follow, max-snippet:-1, max-image-preview:large, max-video-preview:-1\" \/>\n<link rel=\"canonical\" href=\"https:\/\/datandeeds.com\/es\/politica-de-cookies\/\" \/>\n<meta property=\"og:locale\" content=\"es_ES\" \/>\n<meta property=\"og:type\" content=\"article\" \/>\n<meta property=\"og:title\" content=\"Pol\u00edtica de cookies - Data &amp; Deeds\" \/>\n<meta property=\"og:description\" content=\"Access all relevant information here Pol\u00edtica de cookies Esta Pol\u00edtica de cookies explica qu\u00e9 son las cookies y c\u00f3mo las utilizamos en nuestro sitio web www.datandeeds.com. Le recomendamos que lea esta Pol\u00edtica para comprender los tipos de cookies que utilizamos, su funcionamiento, la informaci\u00f3n que recopilamos a trav\u00e9s de ellas y c\u00f3mo se utiliza. \u00bfQu\u00e9 son las cookies?Las cookies son peque\u00f1os archivos de datos que un sitio web almacena en el dispositivo del usuario (por ejemplo, ordenador, tableta, tel\u00e9fono m\u00f3vil), normalmente a trav\u00e9s del navegador web (como Chrome, Opera, Mozilla Firefox, Edge, etc.). Cada vez que el usuario visita el sitio web, este recupera estos archivos y proporciona servicios relacionados con la informaci\u00f3n almacenada. Un ejemplo com\u00fan de esta informaci\u00f3n son las preferencias del usuario en un sitio web, indicadas por sus selecciones (por ejemplo, botones espec\u00edficos, b\u00fasquedas, anuncios). Informaci\u00f3n sobre la gesti\u00f3n de cookiesNuestro sitio web utiliza cookies estrictamente necesarias para garantizar su correcto y eficiente funcionamiento. No se requiere el consentimiento del usuario para el uso de cookies estrictamente necesarias. Puedes seguir navegando utilizando \u00fanicamente las cookies necesarias haciendo clic en el bot\u00f3n RECHAZAR del banner de cookies. Categor\u00edas de cookies Cookies necesariasLas cookies necesarias son esenciales para [&hellip;]\" \/>\n<meta property=\"og:url\" content=\"https:\/\/datandeeds.com\/es\/politica-de-cookies\/\" \/>\n<meta property=\"og:site_name\" content=\"Data &amp; Deeds\" \/>\n<meta property=\"article:modified_time\" content=\"2026-03-13T10:36:56+00:00\" \/>\n<meta name=\"twitter:card\" content=\"summary_large_image\" \/>\n<meta name=\"twitter:label1\" content=\"Tiempo de lectura\" \/>\n\t<meta name=\"twitter:data1\" content=\"6 minutos\" \/>\n<script type=\"application\/ld+json\" class=\"yoast-schema-graph\">{\"@context\":\"https:\/\/schema.org\",\"@graph\":[{\"@type\":\"WebPage\",\"@id\":\"https:\/\/datandeeds.com\/es\/politica-de-cookies\/\",\"url\":\"https:\/\/datandeeds.com\/es\/politica-de-cookies\/\",\"name\":\"Pol\u00edtica de cookies - Data &amp; Deeds\",\"isPartOf\":{\"@id\":\"https:\/\/datandeeds.com\/es\/#website\"},\"datePublished\":\"2026-01-07T11:07:00+00:00\",\"dateModified\":\"2026-03-13T10:36:56+00:00\",\"breadcrumb\":{\"@id\":\"https:\/\/datandeeds.com\/es\/politica-de-cookies\/#breadcrumb\"},\"inLanguage\":\"es\",\"potentialAction\":[{\"@type\":\"ReadAction\",\"target\":[\"https:\/\/datandeeds.com\/es\/politica-de-cookies\/\"]}]},{\"@type\":\"BreadcrumbList\",\"@id\":\"https:\/\/datandeeds.com\/es\/politica-de-cookies\/#breadcrumb\",\"itemListElement\":[{\"@type\":\"ListItem\",\"position\":1,\"name\":\"Home\",\"item\":\"https:\/\/datandeeds.com\/es\/\"},{\"@type\":\"ListItem\",\"position\":2,\"name\":\"Pol\u00edtica de cookies\"}]},{\"@type\":\"WebSite\",\"@id\":\"https:\/\/datandeeds.com\/es\/#website\",\"url\":\"https:\/\/datandeeds.com\/es\/\",\"name\":\"Data &amp; Deeds\",\"description\":\"Legal Services\",\"potentialAction\":[{\"@type\":\"SearchAction\",\"target\":{\"@type\":\"EntryPoint\",\"urlTemplate\":\"https:\/\/datandeeds.com\/es\/?s={search_term_string}\"},\"query-input\":{\"@type\":\"PropertyValueSpecification\",\"valueRequired\":true,\"valueName\":\"search_term_string\"}}],\"inLanguage\":\"es\"}]}<\/script>\n<!-- \/ Yoast SEO plugin. -->","yoast_head_json":{"title":"Pol\u00edtica de cookies - Data &amp; Deeds","robots":{"index":"index","follow":"follow","max-snippet":"max-snippet:-1","max-image-preview":"max-image-preview:large","max-video-preview":"max-video-preview:-1"},"canonical":"https:\/\/datandeeds.com\/es\/politica-de-cookies\/","og_locale":"es_ES","og_type":"article","og_title":"Pol\u00edtica de cookies - Data &amp; Deeds","og_description":"Access all relevant information here Pol\u00edtica de cookies Esta Pol\u00edtica de cookies explica qu\u00e9 son las cookies y c\u00f3mo las utilizamos en nuestro sitio web www.datandeeds.com. Le recomendamos que lea esta Pol\u00edtica para comprender los tipos de cookies que utilizamos, su funcionamiento, la informaci\u00f3n que recopilamos a trav\u00e9s de ellas y c\u00f3mo se utiliza. \u00bfQu\u00e9 son las cookies?Las cookies son peque\u00f1os archivos de datos que un sitio web almacena en el dispositivo del usuario (por ejemplo, ordenador, tableta, tel\u00e9fono m\u00f3vil), normalmente a trav\u00e9s del navegador web (como Chrome, Opera, Mozilla Firefox, Edge, etc.). Cada vez que el usuario visita el sitio web, este recupera estos archivos y proporciona servicios relacionados con la informaci\u00f3n almacenada. Un ejemplo com\u00fan de esta informaci\u00f3n son las preferencias del usuario en un sitio web, indicadas por sus selecciones (por ejemplo, botones espec\u00edficos, b\u00fasquedas, anuncios). Informaci\u00f3n sobre la gesti\u00f3n de cookiesNuestro sitio web utiliza cookies estrictamente necesarias para garantizar su correcto y eficiente funcionamiento. No se requiere el consentimiento del usuario para el uso de cookies estrictamente necesarias. Puedes seguir navegando utilizando \u00fanicamente las cookies necesarias haciendo clic en el bot\u00f3n RECHAZAR del banner de cookies. Categor\u00edas de cookies Cookies necesariasLas cookies necesarias son esenciales para [&hellip;]","og_url":"https:\/\/datandeeds.com\/es\/politica-de-cookies\/","og_site_name":"Data &amp; Deeds","article_modified_time":"2026-03-13T10:36:56+00:00","twitter_card":"summary_large_image","twitter_misc":{"Tiempo de lectura":"6 minutos"},"schema":{"@context":"https:\/\/schema.org","@graph":[{"@type":"WebPage","@id":"https:\/\/datandeeds.com\/es\/politica-de-cookies\/","url":"https:\/\/datandeeds.com\/es\/politica-de-cookies\/","name":"Pol\u00edtica de cookies - Data &amp; Deeds","isPartOf":{"@id":"https:\/\/datandeeds.com\/es\/#website"},"datePublished":"2026-01-07T11:07:00+00:00","dateModified":"2026-03-13T10:36:56+00:00","breadcrumb":{"@id":"https:\/\/datandeeds.com\/es\/politica-de-cookies\/#breadcrumb"},"inLanguage":"es","potentialAction":[{"@type":"ReadAction","target":["https:\/\/datandeeds.com\/es\/politica-de-cookies\/"]}]},{"@type":"BreadcrumbList","@id":"https:\/\/datandeeds.com\/es\/politica-de-cookies\/#breadcrumb","itemListElement":[{"@type":"ListItem","position":1,"name":"Home","item":"https:\/\/datandeeds.com\/es\/"},{"@type":"ListItem","position":2,"name":"Pol\u00edtica de cookies"}]},{"@type":"WebSite","@id":"https:\/\/datandeeds.com\/es\/#website","url":"https:\/\/datandeeds.com\/es\/","name":"Data &amp; Deeds","description":"Legal Services","potentialAction":[{"@type":"SearchAction","target":{"@type":"EntryPoint","urlTemplate":"https:\/\/datandeeds.com\/es\/?s={search_term_string}"},"query-input":{"@type":"PropertyValueSpecification","valueRequired":true,"valueName":"search_term_string"}}],"inLanguage":"es"}]}},"_links":{"self":[{"href":"https:\/\/datandeeds.com\/es\/wp-json\/wp\/v2\/pages\/987510276","targetHints":{"allow":["GET"]}}],"collection":[{"href":"https:\/\/datandeeds.com\/es\/wp-json\/wp\/v2\/pages"}],"about":[{"href":"https:\/\/datandeeds.com\/es\/wp-json\/wp\/v2\/types\/page"}],"author":[{"embeddable":true,"href":"https:\/\/datandeeds.com\/es\/wp-json\/wp\/v2\/users\/1"}],"replies":[{"embeddable":true,"href":"https:\/\/datandeeds.com\/es\/wp-json\/wp\/v2\/comments?post=987510276"}],"version-history":[{"count":0,"href":"https:\/\/datandeeds.com\/es\/wp-json\/wp\/v2\/pages\/987510276\/revisions"}],"wp:attachment":[{"href":"https:\/\/datandeeds.com\/es\/wp-json\/wp\/v2\/media?parent=987510276"}],"curies":[{"name":"wp","href":"https:\/\/api.w.org\/{rel}","templated":true}]}}